{"id":213343,"date":"2019-11-16T21:04:20","date_gmt":"2019-11-16T21:04:20","guid":{"rendered":"https:\/\/doremimusical.com.br\/2019\/?post_type=product&#038;p=213343"},"modified":"2019-11-16T21:04:20","modified_gmt":"2019-11-16T21:04:20","slug":"encordoamento-sg-guitarra-009","status":"publish","type":"product","link":"https:\/\/doremimusical.com.br\/2019\/produto\/encordoamento-sg-guitarra-009\/","title":{"rendered":"Encordoamento SG Guitarra 009"},"content":{"rendered":"<p>Encordoamento com tens\u00e3o Extra Light, traz um timbre suave e pouco encorpado, com menor ganho nos agudos. \u00c9 ideal para quem prefere aplicar menos tens\u00e3o na tocabilidade, e mesmo assim tem um resultado limpo e brilhante, como por exemplo os estilos Soul, Blues e o Pop. Com um som rico em sustain, com ataque din\u00e2mico, brilho nos m\u00e9dios e graves quentes, a linha n\u00edquel da SG com certeza \u00e9 o que voc\u00ea precisa. Feita com material de primeira qualidade, as cordas de n\u00edquel apresentam a sonoridade mais equilibrada dentre os materiais utilizados para esta finalidade, alcan\u00e7ando desde um brilho extremo para o rock at\u00e9 um som mais encorpado, essencial para o jazz. Com uma gama muito grande de calibres, esta linha foi feita para trazer o m\u00e1ximo de conforto aos guitarristas mais exigentes. No processo de fabrica\u00e7\u00e3o ainda existe todo um cuidado no armazenamento e manuseio dos materiais para que a durabilidade das cordas seja estendida. Medidas para uso em escala com comprimento de 25\u00bd\u201d\/ 648mm. Cordas primas em a\u00e7o estanhado cil\u00edndrico. Bord\u00f5es com revestimento de a\u00e7o niquelado NPS e n\u00facleo hexagonal de a\u00e7o estanhado. C\u00f3d: 5145<\/p>\n<p>&nbsp;<\/p>\n<table id=\"tablepress-12\" class=\"tablepress tablepress-id-12 electric-guitar\">\n<thead>\n<tr class=\"row-1\">\n<th class=\"column-1\">TENS\u00c3O<\/th>\n<th class=\"column-2\">E1<\/th>\n<th class=\"column-3\">B2<\/th>\n<th class=\"column-4\">G3<\/th>\n<th class=\"column-5\">D4<\/th>\n<th class=\"column-6\">A5<\/th>\n<th class=\"column-7\">E6<\/th>\n<th class=\"column-8\">B7<\/th>\n<\/tr>\n<\/thead>\n<tbody>\n<tr class=\"row-2\">\n<td class=\"column-1\">Extra Light<\/td>\n<td class=\"column-2\">.009<\/td>\n<td class=\"column-3\">.011<\/td>\n<td class=\"column-4\">.016<\/td>\n<td class=\"column-5\">.024<\/td>\n<td class=\"column-6\">.032<\/td>\n<td class=\"column-7\">.042<\/td>\n<td class=\"column-8\">&#8211;<\/td>\n<\/tr>\n<\/tbody>\n<\/table>\n","protected":false},"excerpt":{"rendered":"<p><img loading=\"lazy\" class=\"alignnone size-full wp-image-213324\" src=\"https:\/\/doremimusical.com.br\/2019\/wp-content\/uploads\/2019\/11\/SG.png\" alt=\"\" width=\"95\" height=\"65\" \/><\/p>\n","protected":false},"featured_media":213344,"template":"","meta":{"_et_pb_use_builder":"","_et_pb_old_content":"","_et_gb_content_width":""},"product_cat":[79,82,284,329,326],"product_tag":[],"_links":{"self":[{"href":"https:\/\/doremimusical.com.br\/2019\/wp-json\/wp\/v2\/product\/213343"}],"collection":[{"href":"https:\/\/doremimusical.com.br\/2019\/wp-json\/wp\/v2\/product"}],"about":[{"href":"https:\/\/doremimusical.com.br\/2019\/wp-json\/wp\/v2\/types\/product"}],"wp:featuredmedia":[{"embeddable":true,"href":"https:\/\/doremimusical.com.br\/2019\/wp-json\/wp\/v2\/media\/213344"}],"wp:attachment":[{"href":"https:\/\/doremimusical.com.br\/2019\/wp-json\/wp\/v2\/media?parent=213343"}],"wp:term":[{"taxonomy":"product_cat","embeddable":true,"href":"https:\/\/doremimusical.com.br\/2019\/wp-json\/wp\/v2\/product_cat?post=213343"},{"taxonomy":"product_tag","embeddable":true,"href":"https:\/\/doremimusical.com.br\/2019\/wp-json\/wp\/v2\/product_tag?post=213343"}],"curies":[{"name":"wp","href":"https:\/\/api.w.org\/{rel}","templated":true}]}}