{"id":213332,"date":"2019-11-16T20:48:47","date_gmt":"2019-11-16T20:48:47","guid":{"rendered":"https:\/\/doremimusical.com.br\/2019\/?post_type=product&#038;p=213332"},"modified":"2019-11-16T20:48:47","modified_gmt":"2019-11-16T20:48:47","slug":"encordoamento-sg-contra-baixo-040-5c","status":"publish","type":"product","link":"https:\/\/doremimusical.com.br\/2019\/produto\/encordoamento-sg-contra-baixo-040-5c\/","title":{"rendered":"Encordoamento SG Contra Baixo 040 5C"},"content":{"rendered":"<p>O encordoamento para baixo, tens\u00e3o Extra Light, fornece um timbre brilhante, agrad\u00e1vel e n\u00edtido. Ideal para m\u00fasicos que procuram uma sonoridade mais suave, como por exemplo o Soul, o Jazz e o Pop. Grandes baixistas procuram consist\u00eancia, conforto e durabilidade, e foi pensando nisso que a SG desenvolveu esta linha de n\u00edquel. Trazendo o m\u00e1ximo de conforto com o equil\u00edbrio sonoro que s\u00f3 o n\u00edquel da mais alta qualidade pode alcan\u00e7ar, este encordoamento traz um low-end mais profundo, m\u00e9dios din\u00e2micos e percussivos, agudos brilhantes e durabilidade acima da m\u00e9dia. Medidas para uso em escala com comprimento de 34\u201d \/ 864mm. Revestimento composto de uma, duas ou at\u00e9 tr\u00eas camadas de a\u00e7o niquelado NPS e n\u00facleo hexagonal de a\u00e7o estanhado. C\u00f3d: 5029<\/p>\n<p>&nbsp;<\/p>\n<table id=\"tablepress-7\" class=\"tablepress tablepress-id-7 bass\">\n<thead>\n<tr class=\"row-1\">\n<th class=\"column-1\">TENS\u00c3O<\/th>\n<th class=\"column-2\">C<\/th>\n<th class=\"column-3\">G<\/th>\n<th class=\"column-4\">D<\/th>\n<th class=\"column-5\">A<\/th>\n<th class=\"column-6\">E<\/th>\n<th class=\"column-7\">B<\/th>\n<\/tr>\n<\/thead>\n<tbody>\n<tr class=\"row-2\">\n<td class=\"column-1\">Extra Light<\/td>\n<td class=\"column-2\">&#8211;<\/td>\n<td class=\"column-3\">.040<\/td>\n<td class=\"column-4\">.060<\/td>\n<td class=\"column-5\">.075<\/td>\n<td class=\"column-6\">.095<\/td>\n<td class=\"column-7\">.125<\/td>\n<\/tr>\n<\/tbody>\n<\/table>\n","protected":false},"excerpt":{"rendered":"<p><img loading=\"lazy\" class=\"alignnone size-full wp-image-213324\" src=\"https:\/\/doremimusical.com.br\/2019\/wp-content\/uploads\/2019\/11\/SG.png\" alt=\"\" width=\"95\" height=\"65\" \/><\/p>\n","protected":false},"featured_media":213333,"template":"","meta":{"_et_pb_use_builder":"","_et_pb_old_content":"","_et_gb_content_width":""},"product_cat":[79,82,327,284,326],"product_tag":[],"_links":{"self":[{"href":"https:\/\/doremimusical.com.br\/2019\/wp-json\/wp\/v2\/product\/213332"}],"collection":[{"href":"https:\/\/doremimusical.com.br\/2019\/wp-json\/wp\/v2\/product"}],"about":[{"href":"https:\/\/doremimusical.com.br\/2019\/wp-json\/wp\/v2\/types\/product"}],"wp:featuredmedia":[{"embeddable":true,"href":"https:\/\/doremimusical.com.br\/2019\/wp-json\/wp\/v2\/media\/213333"}],"wp:attachment":[{"href":"https:\/\/doremimusical.com.br\/2019\/wp-json\/wp\/v2\/media?parent=213332"}],"wp:term":[{"taxonomy":"product_cat","embeddable":true,"href":"https:\/\/doremimusical.com.br\/2019\/wp-json\/wp\/v2\/product_cat?post=213332"},{"taxonomy":"product_tag","embeddable":true,"href":"https:\/\/doremimusical.com.br\/2019\/wp-json\/wp\/v2\/product_tag?post=213332"}],"curies":[{"name":"wp","href":"https:\/\/api.w.org\/{rel}","templated":true}]}}