{"id":213314,"date":"2019-11-15T18:45:48","date_gmt":"2019-11-15T18:45:48","guid":{"rendered":"https:\/\/doremimusical.com.br\/2019\/?post_type=product&#038;p=213314"},"modified":"2021-10-14T17:41:23","modified_gmt":"2021-10-14T17:41:23","slug":"pele-uno-ton-batedeira-8-polegadas-utt08g2","status":"publish","type":"product","link":"https:\/\/doremimusical.com.br\/2019\/produto\/pele-uno-ton-batedeira-8-polegadas-utt08g2\/","title":{"rendered":"Pele Uno Ton Batedeira 8&#8221; Polegada UTT08G2"},"content":{"rendered":"<p>Esta pele de filme duplo \u2013 7 mil (0,18mm) de espessura cada filme \u2013 possui consist\u00eancia e durabilidade extraordin\u00e1rias. Com a UNO Genera G2 transparente os tons suspensos ganham harm\u00f4nicos bem definidos e os surdos, graves encorpados. Com a possibilidade de afina\u00e7\u00e3o alta ou baixa para se enquadrar em diversos estilos, a UNO Genera G2 transparente responde a um alcance focado e um ataque n\u00edtido. \u00a0Quando usada como resposta, a UNO Genera G2 transparente adiciona foco a qualquer tambor, especialmente aos surdos, que auxiliam os tambores maiores a se projetarem. As peles UNO s\u00e3o presas de forma plissada em um anel de alta qualidade.<\/p>\n","protected":false},"excerpt":{"rendered":"<p><img loading=\"lazy\" class=\"alignnone size-full wp-image-213315\" src=\"https:\/\/doremimusical.com.br\/2019\/wp-content\/uploads\/2019\/11\/Uno.png\" alt=\"\" width=\"110\" height=\"72\" \/><\/p>\n","protected":false},"featured_media":213316,"template":"","meta":{"_et_pb_use_builder":"","_et_pb_old_content":"","_et_gb_content_width":""},"product_cat":[82,331,323,330],"product_tag":[],"_links":{"self":[{"href":"https:\/\/doremimusical.com.br\/2019\/wp-json\/wp\/v2\/product\/213314"}],"collection":[{"href":"https:\/\/doremimusical.com.br\/2019\/wp-json\/wp\/v2\/product"}],"about":[{"href":"https:\/\/doremimusical.com.br\/2019\/wp-json\/wp\/v2\/types\/product"}],"wp:featuredmedia":[{"embeddable":true,"href":"https:\/\/doremimusical.com.br\/2019\/wp-json\/wp\/v2\/media\/213316"}],"wp:attachment":[{"href":"https:\/\/doremimusical.com.br\/2019\/wp-json\/wp\/v2\/media?parent=213314"}],"wp:term":[{"taxonomy":"product_cat","embeddable":true,"href":"https:\/\/doremimusical.com.br\/2019\/wp-json\/wp\/v2\/product_cat?post=213314"},{"taxonomy":"product_tag","embeddable":true,"href":"https:\/\/doremimusical.com.br\/2019\/wp-json\/wp\/v2\/product_tag?post=213314"}],"curies":[{"name":"wp","href":"https:\/\/api.w.org\/{rel}","templated":true}]}}