{"id":213292,"date":"2019-11-15T16:44:42","date_gmt":"2019-11-15T16:44:42","guid":{"rendered":"https:\/\/doremimusical.com.br\/2019\/?post_type=product&#038;p=213292"},"modified":"2019-11-15T16:44:42","modified_gmt":"2019-11-15T16:44:42","slug":"palheta-rico-royal-baritono","status":"publish","type":"product","link":"https:\/\/doremimusical.com.br\/2019\/produto\/palheta-rico-royal-baritono\/","title":{"rendered":"Palheta Rico Royal Bar\u00edtono"},"content":{"rendered":"<p>As palhetas Rico Royal possuem o tradicional corte franc\u00eas que oferece melhor resposta especialmente no registro grave, clareando o timbre e facilitando o<br \/>\nataque suave.<br \/>\nDispon\u00edveis para todos os tipos de saxofone, as palhetas Rico Royal s\u00e3o convenientemente embaladas em caixas com 3 ou 10 unidades.<br \/>\n\u2022 Corte franc\u00eas para maior flexibilidade e resposta r\u00e1pida<br \/>\n\u2022 Dispon\u00edvel para toda a fam\u00edlia de clarinetas e saxofones<br \/>\n\u2022 Ideal para interpreta\u00e7\u00f5es de m\u00fasica cl\u00e1ssica ou jazz<br \/>\n\u2022 Cana Premium garante resposta consistente<\/p>\n","protected":false},"excerpt":{"rendered":"<p><img loading=\"lazy\" class=\"alignnone size-full wp-image-213188\" src=\"https:\/\/doremimusical.com.br\/2019\/wp-content\/uploads\/2019\/11\/Untitled-25.png\" alt=\"\" width=\"117\" height=\"83\" \/><\/p>\n","protected":false},"featured_media":213295,"template":"","meta":{"_et_pb_use_builder":"","_et_pb_old_content":"","_et_gb_content_width":""},"product_cat":[79,82,317,319,310],"product_tag":[],"_links":{"self":[{"href":"https:\/\/doremimusical.com.br\/2019\/wp-json\/wp\/v2\/product\/213292"}],"collection":[{"href":"https:\/\/doremimusical.com.br\/2019\/wp-json\/wp\/v2\/product"}],"about":[{"href":"https:\/\/doremimusical.com.br\/2019\/wp-json\/wp\/v2\/types\/product"}],"wp:featuredmedia":[{"embeddable":true,"href":"https:\/\/doremimusical.com.br\/2019\/wp-json\/wp\/v2\/media\/213295"}],"wp:attachment":[{"href":"https:\/\/doremimusical.com.br\/2019\/wp-json\/wp\/v2\/media?parent=213292"}],"wp:term":[{"taxonomy":"product_cat","embeddable":true,"href":"https:\/\/doremimusical.com.br\/2019\/wp-json\/wp\/v2\/product_cat?post=213292"},{"taxonomy":"product_tag","embeddable":true,"href":"https:\/\/doremimusical.com.br\/2019\/wp-json\/wp\/v2\/product_tag?post=213292"}],"curies":[{"name":"wp","href":"https:\/\/api.w.org\/{rel}","templated":true}]}}