{"id":213172,"date":"2019-11-14T14:35:09","date_gmt":"2019-11-14T14:35:09","guid":{"rendered":"https:\/\/doremimusical.com.br\/2019\/?post_type=product&#038;p=213172"},"modified":"2019-11-14T14:35:10","modified_gmt":"2019-11-14T14:35:10","slug":"encordoamento-thomastik-violao-naylon-cf128-superlona","status":"publish","type":"product","link":"https:\/\/doremimusical.com.br\/2019\/produto\/encordoamento-thomastik-violao-naylon-cf128-superlona\/","title":{"rendered":"Encordoamento Thomastik Viol\u00e3o Naylon CF128 Superlona"},"content":{"rendered":"<p><span style=\"color: #000000; font-size: small;\">Encordoamento profissional para Viol\u00e3o Nylon Superlona CF128 Thomastik. Produzidos em Viena na \u00c1ustria o encordoamento para viol\u00e3o cl\u00e1ssico Superlona CF128 Thomastik apresenta alta qualidade com excelente sonoridade<\/p>\n<p>As cordas graves 4\u00aaR\u00e9, 5\u00aaL\u00e1, 6\u00aaMi, s\u00e3o lisas (flatwound) eliminando o ru\u00eddo dos dedos sobre as cordas.<\/span><\/p>\n<p><span style=\"color: #000000; font-size: small;\"><strong>Marca:<\/strong>\u00a0Thomastik<br \/>\n<strong>Tipo:<\/strong>\u00a0Nylon<br \/>\n<strong>Conte\u00fado da embalagem:<\/strong>\u00a0Jogo com 6 cordas<br \/>\n<strong>Tens\u00e3o:<\/strong>\u00a0Media<br \/>\n<strong>Refer\u00eancia do modelo:<\/strong>\u00a0CF 128 Flat Wound<br \/>\n<strong>Fabrica\u00e7\u00e3o:<\/strong>\u00a0Vienna, \u00c1ustria<br \/>\n<strong>Compatibilidade:<\/strong>\u00a0Viol\u00e3o nylon<br \/>\n<strong>Acabamento da Pontas:<\/strong>\u00a0Vermelhas<\/span><\/p>\n<p><span style=\"color: #000000; font-size: small;\">Produto Original, Made in Austria, com Nota Fiscal, Selo da Importadora oficial no Brasil Musical Express.<\/span><\/p>\n<p><span style=\"color: #000000; font-size: small;\"><\/p>\n<p>Classic N-Series Flat Wound<br \/>\nCN27- E- 1st &#8211; Plain Nylon\u00a0.027<br \/>\nCN31- B- 2nd- Plain Nylon\u00a0.031<br \/>\nCF27- G- 3rd- Chrome Steel Flat Wound\u00a0.027<br \/>\nCF30- D- 4th- Chrome Steel Flat Wound\u00a0.030<br \/>\nCF35- A- 5th- Chrome Steel Flat Wound\u00a0.035<br \/>\nCF45- E- 6th- Chrome Steel Flat Wound\u00a0.045<\/span><\/p>\n","protected":false},"excerpt":{"rendered":"<p><img loading=\"lazy\" class=\"alignnone size-full wp-image-213167\" src=\"https:\/\/doremimusical.com.br\/2019\/wp-content\/uploads\/2019\/11\/Thomastik.png\" alt=\"\" width=\"180\" height=\"108\" srcset=\"https:\/\/doremimusical.com.br\/2019\/wp-content\/uploads\/2019\/11\/Thomastik.png 180w, https:\/\/doremimusical.com.br\/2019\/wp-content\/uploads\/2019\/11\/Thomastik-150x90.png 150w\" sizes=\"(max-width: 180px) 100vw, 180px\" \/><\/p>\n","protected":false},"featured_media":213173,"template":"","meta":{"_et_pb_use_builder":"","_et_pb_old_content":"","_et_gb_content_width":""},"product_cat":[79,82,284,292,293],"product_tag":[],"_links":{"self":[{"href":"https:\/\/doremimusical.com.br\/2019\/wp-json\/wp\/v2\/product\/213172"}],"collection":[{"href":"https:\/\/doremimusical.com.br\/2019\/wp-json\/wp\/v2\/product"}],"about":[{"href":"https:\/\/doremimusical.com.br\/2019\/wp-json\/wp\/v2\/types\/product"}],"wp:featuredmedia":[{"embeddable":true,"href":"https:\/\/doremimusical.com.br\/2019\/wp-json\/wp\/v2\/media\/213173"}],"wp:attachment":[{"href":"https:\/\/doremimusical.com.br\/2019\/wp-json\/wp\/v2\/media?parent=213172"}],"wp:term":[{"taxonomy":"product_cat","embeddable":true,"href":"https:\/\/doremimusical.com.br\/2019\/wp-json\/wp\/v2\/product_cat?post=213172"},{"taxonomy":"product_tag","embeddable":true,"href":"https:\/\/doremimusical.com.br\/2019\/wp-json\/wp\/v2\/product_tag?post=213172"}],"curies":[{"name":"wp","href":"https:\/\/api.w.org\/{rel}","templated":true}]}}