{"id":213130,"date":"2019-11-14T12:37:11","date_gmt":"2019-11-14T12:37:11","guid":{"rendered":"https:\/\/doremimusical.com.br\/2019\/?post_type=product&#038;p=213130"},"modified":"2019-11-14T12:37:11","modified_gmt":"2019-11-14T12:37:11","slug":"encordoamento-daddario-violao-naylon-ej27n","status":"publish","type":"product","link":"https:\/\/doremimusical.com.br\/2019\/produto\/encordoamento-daddario-violao-naylon-ej27n\/","title":{"rendered":"Encordoamento D&#8217;addario Viol\u00e3o Naylon EJ27N"},"content":{"rendered":"<p>As cordas para viol\u00e3o de nailon J27 s\u00e3o \u00f3timas para iniciantes e estudantes. O jogo cont\u00e9m 3 primas de nailon transl\u00facido e 3 bord\u00f5es com enrolamento de cobre com banho de prata sobre uma base de nailon, proporcionando um timbre encorpado e duradouro.<\/p>\n<p>&nbsp;<\/p>\n<p>As cordas D\u2019Addario Student s\u00e3o indicadas para estudantes e iniciantes. Proporcionam um timbre excelente e oferecem grande durabilidade.<\/p>\n<p>&nbsp;<\/p>\n<table border=\"0\" width=\"344\">\n<tbody>\n<tr>\n<td valign=\"top\"><strong>C\u00f3digo<\/strong><\/td>\n<td valign=\"top\"><strong>Nota<\/strong><\/td>\n<td valign=\"top\"><strong>pol<\/strong><\/td>\n<td valign=\"top\"><strong>mm<\/strong><\/td>\n<td valign=\"top\"><strong>lbs.<\/strong><\/td>\n<td><strong>kg<\/strong><\/td>\n<\/tr>\n<tr>\n<td>J2701<\/td>\n<td>E<\/td>\n<td>0.029<\/td>\n<td>0.73<\/td>\n<td>15.3<\/td>\n<td>6.94<\/td>\n<\/tr>\n<tr>\n<td>J2702<\/td>\n<td>B<\/td>\n<td>0.034<\/td>\n<td>0.86<\/td>\n<td>11.6<\/td>\n<td>5.26<\/td>\n<\/tr>\n<tr>\n<td>J2703<\/td>\n<td>G<\/td>\n<td>0.045<\/td>\n<td>1.14<\/td>\n<td>12.1<\/td>\n<td>5.49<\/td>\n<\/tr>\n<tr>\n<td>J2704<\/td>\n<td>D<\/td>\n<td>0.031<\/td>\n<td>0.78<\/td>\n<td>15.6<\/td>\n<td>7.08<\/td>\n<\/tr>\n<tr>\n<td>J2705<\/td>\n<td>A<\/td>\n<td>0.036<\/td>\n<td>0.91<\/td>\n<td>15.0<\/td>\n<td>6.80<\/td>\n<\/tr>\n<tr>\n<td>J2706<\/td>\n<td>E<\/td>\n<td>0.045<\/td>\n<td>1.14<\/td>\n<td>14.0<\/td>\n<td>6.35<\/td>\n<\/tr>\n<\/tbody>\n<\/table>\n<p>&nbsp;<\/p>\n<p>&nbsp;<\/p>\n<p><iframe loading=\"lazy\" title=\"Destaques da Musical Express: Encordoamento EJ27N - D&#039;Addario\" width=\"1080\" height=\"608\" src=\"https:\/\/www.youtube.com\/embed\/jpt2sqzYQhg?feature=oembed\" frameborder=\"0\" allow=\"accelerometer; autoplay; encrypted-media; gyroscope; picture-in-picture\" allowfullscreen><\/iframe><\/p>\n","protected":false},"excerpt":{"rendered":"<p><img loading=\"lazy\" class=\"alignnone size-full wp-image-213070\" src=\"https:\/\/doremimusical.com.br\/2019\/wp-content\/uploads\/2019\/11\/Daddario.png\" alt=\"\" width=\"200\" height=\"37\" srcset=\"https:\/\/doremimusical.com.br\/2019\/wp-content\/uploads\/2019\/11\/Daddario.png 200w, https:\/\/doremimusical.com.br\/2019\/wp-content\/uploads\/2019\/11\/Daddario-150x28.png 150w\" sizes=\"(max-width: 200px) 100vw, 200px\" \/><\/p>\n","protected":false},"featured_media":213131,"template":"","meta":{"_et_pb_use_builder":"","_et_pb_old_content":"","_et_gb_content_width":""},"product_cat":[79,82,285,284,288],"product_tag":[],"_links":{"self":[{"href":"https:\/\/doremimusical.com.br\/2019\/wp-json\/wp\/v2\/product\/213130"}],"collection":[{"href":"https:\/\/doremimusical.com.br\/2019\/wp-json\/wp\/v2\/product"}],"about":[{"href":"https:\/\/doremimusical.com.br\/2019\/wp-json\/wp\/v2\/types\/product"}],"wp:featuredmedia":[{"embeddable":true,"href":"https:\/\/doremimusical.com.br\/2019\/wp-json\/wp\/v2\/media\/213131"}],"wp:attachment":[{"href":"https:\/\/doremimusical.com.br\/2019\/wp-json\/wp\/v2\/media?parent=213130"}],"wp:term":[{"taxonomy":"product_cat","embeddable":true,"href":"https:\/\/doremimusical.com.br\/2019\/wp-json\/wp\/v2\/product_cat?post=213130"},{"taxonomy":"product_tag","embeddable":true,"href":"https:\/\/doremimusical.com.br\/2019\/wp-json\/wp\/v2\/product_tag?post=213130"}],"curies":[{"name":"wp","href":"https:\/\/api.w.org\/{rel}","templated":true}]}}