{"id":213122,"date":"2019-11-13T20:45:05","date_gmt":"2019-11-13T20:45:05","guid":{"rendered":"https:\/\/doremimusical.com.br\/2019\/?post_type=product&#038;p=213122"},"modified":"2019-11-13T20:45:05","modified_gmt":"2019-11-13T20:45:05","slug":"encordoamento-daddario-violao-aco-ej13-b","status":"publish","type":"product","link":"https:\/\/doremimusical.com.br\/2019\/produto\/encordoamento-daddario-violao-aco-ej13-b\/","title":{"rendered":"Encordoamento D&#8217;addario Viol\u00e3o A\u00e7o EJ13-B"},"content":{"rendered":"<p>Tamb\u00e9m chamadas de Custom Light, as EJ13 s\u00e3o as h\u00edbridas originais D\u2019Addario e uma solu\u00e7\u00e3o confort\u00e1vel para m\u00fasicos que desejam o alcance e proje\u00e7\u00e3o de cordas leves entre os bord\u00f5es, mas uma tens\u00e3o menor nas cordas agudas para bends mais f\u00e1ceis.<\/p>\n<p>&nbsp;<\/p>\n<p>A liga de bronze 80\/20, foi a liga originalmente selecionada para instrumentos ac\u00fasticos pelo Sr. John D\u2019Addario e John D\u2019Angelico por volta de 1930. As 80\/20 s\u00e3o populares para grava\u00e7\u00e3o gra\u00e7as ao timbre encorpado e grave cultuado por muitos tradicionalistas por seu significado hist\u00f3rico.<\/p>\n<table border=\"0\">\n<tbody>\n<tr>\n<td valign=\"top\"><strong>C\u00f3digo<\/strong><\/td>\n<td valign=\"top\"><strong>Nota<\/strong><\/td>\n<td valign=\"top\"><strong>pol<\/strong><\/td>\n<td valign=\"top\"><strong>mm<\/strong><\/td>\n<td valign=\"top\"><strong>lbs.<\/strong><\/td>\n<td><strong>kg<\/strong><\/td>\n<\/tr>\n<tr>\n<td>PL011<\/td>\n<td>E<\/td>\n<td>0.011<\/td>\n<td>0.28<\/td>\n<td>19.6<\/td>\n<td>8.89<\/td>\n<\/tr>\n<tr>\n<td>PL015<\/td>\n<td>B<\/td>\n<td>0.015<\/td>\n<td>0.38<\/td>\n<td>20.5<\/td>\n<td>9.30<\/td>\n<\/tr>\n<tr>\n<td>BW022<\/td>\n<td>G<\/td>\n<td>0.022<\/td>\n<td>0.56<\/td>\n<td>24.8<\/td>\n<td>11.25<\/td>\n<\/tr>\n<tr>\n<td>BW032<\/td>\n<td>D<\/td>\n<td>0.032<\/td>\n<td>0.81<\/td>\n<td>29.5<\/td>\n<td>13.38<\/td>\n<\/tr>\n<tr>\n<td>BW042<\/td>\n<td>A<\/td>\n<td>0.042<\/td>\n<td>1.07<\/td>\n<td>28.4<\/td>\n<td>12.88<\/td>\n<\/tr>\n<tr>\n<td>BW052<\/td>\n<td>E<\/td>\n<td>0.052<\/td>\n<td>1.32<\/td>\n<td>24.3<\/td>\n<td>11.02<\/td>\n<\/tr>\n<\/tbody>\n<\/table>\n","protected":false},"excerpt":{"rendered":"<p><img loading=\"lazy\" class=\"alignnone size-full wp-image-213070\" src=\"https:\/\/doremimusical.com.br\/2019\/wp-content\/uploads\/2019\/11\/Daddario.png\" alt=\"\" width=\"200\" height=\"37\" srcset=\"https:\/\/doremimusical.com.br\/2019\/wp-content\/uploads\/2019\/11\/Daddario.png 200w, https:\/\/doremimusical.com.br\/2019\/wp-content\/uploads\/2019\/11\/Daddario-150x28.png 150w\" sizes=\"(max-width: 200px) 100vw, 200px\" \/><\/p>\n","protected":false},"featured_media":213123,"template":"","meta":{"_et_pb_use_builder":"","_et_pb_old_content":"","_et_gb_content_width":""},"product_cat":[79,82,285,284,288],"product_tag":[],"_links":{"self":[{"href":"https:\/\/doremimusical.com.br\/2019\/wp-json\/wp\/v2\/product\/213122"}],"collection":[{"href":"https:\/\/doremimusical.com.br\/2019\/wp-json\/wp\/v2\/product"}],"about":[{"href":"https:\/\/doremimusical.com.br\/2019\/wp-json\/wp\/v2\/types\/product"}],"wp:featuredmedia":[{"embeddable":true,"href":"https:\/\/doremimusical.com.br\/2019\/wp-json\/wp\/v2\/media\/213123"}],"wp:attachment":[{"href":"https:\/\/doremimusical.com.br\/2019\/wp-json\/wp\/v2\/media?parent=213122"}],"wp:term":[{"taxonomy":"product_cat","embeddable":true,"href":"https:\/\/doremimusical.com.br\/2019\/wp-json\/wp\/v2\/product_cat?post=213122"},{"taxonomy":"product_tag","embeddable":true,"href":"https:\/\/doremimusical.com.br\/2019\/wp-json\/wp\/v2\/product_tag?post=213122"}],"curies":[{"name":"wp","href":"https:\/\/api.w.org\/{rel}","templated":true}]}}