{"id":213115,"date":"2019-11-13T20:31:44","date_gmt":"2019-11-13T20:31:44","guid":{"rendered":"https:\/\/doremimusical.com.br\/2019\/?post_type=product&#038;p=213115"},"modified":"2019-11-13T20:31:44","modified_gmt":"2019-11-13T20:31:44","slug":"encordoamento-daddario-violao-aco-ej10-b","status":"publish","type":"product","link":"https:\/\/doremimusical.com.br\/2019\/produto\/encordoamento-daddario-violao-aco-ej10-b\/","title":{"rendered":"Encordoamento D&#8217;addario Viol\u00e3o A\u00e7o EJ10-B"},"content":{"rendered":"<p>As mais leves entre as cordas ac\u00fasticas, as EJ10 s\u00e3o ideais para iniciantes ou m\u00fasicos que preferem um timbre mais suave e bends mais f\u00e1ceis.<\/p>\n<p>&nbsp;<\/p>\n<p>A liga de bronze 80\/20, foi a liga originalmente selecionada para instrumentos ac\u00fasticos pelo Sr. John D\u2019Addario e John D\u2019Angelico por volta de 1930. As 80\/20 s\u00e3o populares para grava\u00e7\u00e3o gra\u00e7as ao timbre encorpado e grave cultuado por muitos tradicionalistas por seu significado hist\u00f3rico.<\/p>\n<table border=\"0\">\n<tbody>\n<tr>\n<td valign=\"top\"><strong>C\u00f3digo<\/strong><\/td>\n<td valign=\"top\"><strong>Nota<\/strong><\/td>\n<td valign=\"top\"><strong>pol<\/strong><\/td>\n<td valign=\"top\"><strong>mm<\/strong><\/td>\n<td valign=\"top\"><strong>lbs.<\/strong><\/td>\n<td><strong>kg<\/strong><\/td>\n<\/tr>\n<tr>\n<td>PL010<\/td>\n<td>E<\/td>\n<td>0.010<\/td>\n<td>0.25<\/td>\n<td>16.20<\/td>\n<td>7.35<\/td>\n<\/tr>\n<tr>\n<td>PL014<\/td>\n<td>B<\/td>\n<td>0.014<\/td>\n<td>0.36<\/td>\n<td>17.8<\/td>\n<td>8.07<\/td>\n<\/tr>\n<tr>\n<td>BW023<\/td>\n<td>G<\/td>\n<td>0.023<\/td>\n<td>0.58<\/td>\n<td>27.2<\/td>\n<td>12.34<\/td>\n<\/tr>\n<tr>\n<td>BW030<\/td>\n<td>D<\/td>\n<td>0.030<\/td>\n<td>0.76<\/td>\n<td>26.2<\/td>\n<td>11.88<\/td>\n<\/tr>\n<tr>\n<td>BW039<\/td>\n<td>A<\/td>\n<td>0.039<\/td>\n<td>0.99<\/td>\n<td>24.5<\/td>\n<td>11.11<\/td>\n<\/tr>\n<tr>\n<td>BW047<\/td>\n<td>E<\/td>\n<td>0.047<\/td>\n<td>1.19<\/td>\n<td>19.9<\/td>\n<td>9.03<\/td>\n<\/tr>\n<\/tbody>\n<\/table>\n","protected":false},"excerpt":{"rendered":"<p><img loading=\"lazy\" class=\"alignnone size-full wp-image-213070\" src=\"https:\/\/doremimusical.com.br\/2019\/wp-content\/uploads\/2019\/11\/Daddario.png\" alt=\"\" width=\"200\" height=\"37\" srcset=\"https:\/\/doremimusical.com.br\/2019\/wp-content\/uploads\/2019\/11\/Daddario.png 200w, https:\/\/doremimusical.com.br\/2019\/wp-content\/uploads\/2019\/11\/Daddario-150x28.png 150w\" sizes=\"(max-width: 200px) 100vw, 200px\" \/><\/p>\n","protected":false},"featured_media":213116,"template":"","meta":{"_et_pb_use_builder":"","_et_pb_old_content":"","_et_gb_content_width":""},"product_cat":[79,82,285,284,288],"product_tag":[],"_links":{"self":[{"href":"https:\/\/doremimusical.com.br\/2019\/wp-json\/wp\/v2\/product\/213115"}],"collection":[{"href":"https:\/\/doremimusical.com.br\/2019\/wp-json\/wp\/v2\/product"}],"about":[{"href":"https:\/\/doremimusical.com.br\/2019\/wp-json\/wp\/v2\/types\/product"}],"wp:featuredmedia":[{"embeddable":true,"href":"https:\/\/doremimusical.com.br\/2019\/wp-json\/wp\/v2\/media\/213116"}],"wp:attachment":[{"href":"https:\/\/doremimusical.com.br\/2019\/wp-json\/wp\/v2\/media?parent=213115"}],"wp:term":[{"taxonomy":"product_cat","embeddable":true,"href":"https:\/\/doremimusical.com.br\/2019\/wp-json\/wp\/v2\/product_cat?post=213115"},{"taxonomy":"product_tag","embeddable":true,"href":"https:\/\/doremimusical.com.br\/2019\/wp-json\/wp\/v2\/product_tag?post=213115"}],"curies":[{"name":"wp","href":"https:\/\/api.w.org\/{rel}","templated":true}]}}