{"id":213108,"date":"2019-11-13T20:04:33","date_gmt":"2019-11-13T20:04:33","guid":{"rendered":"https:\/\/doremimusical.com.br\/2019\/?post_type=product&#038;p=213108"},"modified":"2019-11-13T20:04:33","modified_gmt":"2019-11-13T20:04:33","slug":"encordoamento-daddario-guitarra-012-exl145","status":"publish","type":"product","link":"https:\/\/doremimusical.com.br\/2019\/produto\/encordoamento-daddario-guitarra-012-exl145\/","title":{"rendered":"Encordoamento D&#8217;addario Guitarra 012 EXL145"},"content":{"rendered":"<p>As cordas para guitarra com enrolamento de n\u00edquel D\u2019Addario XL s\u00e3o reconhecidas mundialmente como a escolha dos grandes m\u00fasicos, entre guitarristas de todos os g\u00eaneros e estilos. S\u00e3o feitas de a\u00e7o banhado a n\u00edquel e enroladas com alta precis\u00e3o ao redor de uma alma hexagonal, resultando em uma corda com inconfund\u00edvel timbre brilhante e excelente afina\u00e7\u00e3o. As XL145 s\u00e3o especialmente projetadas para m\u00fasicos que preferem medidas mais pesadas, mas querem uma corda G lisa, sem enrolamento, perfeita para afina\u00e7\u00e3o meio tom abaixo ou um tom abaixo.<\/p>\n<table border=\"0\">\n<tbody>\n<tr>\n<td valign=\"top\"><strong>C\u00f3digo<\/strong><\/td>\n<td valign=\"top\"><strong>Nota<\/strong><\/td>\n<td valign=\"top\"><strong>inches<\/strong><\/td>\n<td valign=\"top\"><strong>mm<\/strong><\/td>\n<td valign=\"top\"><strong>lbs<\/strong><\/td>\n<td><strong>kg<\/strong><\/td>\n<\/tr>\n<tr>\n<td>PL012<\/td>\n<td>E<\/td>\n<td>0.012<\/td>\n<td>0.3<\/td>\n<td>23.3<\/td>\n<td>10.57<\/td>\n<\/tr>\n<tr>\n<td>PL016<\/td>\n<td>B<\/td>\n<td>0.016<\/td>\n<td>0.41<\/td>\n<td>23.3<\/td>\n<td>10.57<\/td>\n<\/tr>\n<tr>\n<td>PL020<\/td>\n<td>G<\/td>\n<td>0.02<\/td>\n<td>0.51<\/td>\n<td>22.9<\/td>\n<td>10.39<\/td>\n<\/tr>\n<tr>\n<td>NW032<\/td>\n<td>D<\/td>\n<td>0.032<\/td>\n<td>0.81<\/td>\n<td>28.1<\/td>\n<td>12.74<\/td>\n<\/tr>\n<tr>\n<td>NW042<\/td>\n<td>A<\/td>\n<td>0.042<\/td>\n<td>1.07<\/td>\n<td>26.3<\/td>\n<td>11.93<\/td>\n<\/tr>\n<tr>\n<td>NW054<\/td>\n<td>E<\/td>\n<td>0.054<\/td>\n<td>1.37<\/td>\n<td>24.6<\/td>\n<td>11.16<\/td>\n<\/tr>\n<\/tbody>\n<\/table>\n","protected":false},"excerpt":{"rendered":"<p><img loading=\"lazy\" class=\"alignnone size-full wp-image-213070\" src=\"https:\/\/doremimusical.com.br\/2019\/wp-content\/uploads\/2019\/11\/Daddario.png\" alt=\"\" width=\"200\" height=\"37\" srcset=\"https:\/\/doremimusical.com.br\/2019\/wp-content\/uploads\/2019\/11\/Daddario.png 200w, https:\/\/doremimusical.com.br\/2019\/wp-content\/uploads\/2019\/11\/Daddario-150x28.png 150w\" sizes=\"(max-width: 200px) 100vw, 200px\" \/><\/p>\n","protected":false},"featured_media":213109,"template":"","meta":{"_et_pb_use_builder":"","_et_pb_old_content":"","_et_gb_content_width":""},"product_cat":[79,82,285,284,287],"product_tag":[],"_links":{"self":[{"href":"https:\/\/doremimusical.com.br\/2019\/wp-json\/wp\/v2\/product\/213108"}],"collection":[{"href":"https:\/\/doremimusical.com.br\/2019\/wp-json\/wp\/v2\/product"}],"about":[{"href":"https:\/\/doremimusical.com.br\/2019\/wp-json\/wp\/v2\/types\/product"}],"wp:featuredmedia":[{"embeddable":true,"href":"https:\/\/doremimusical.com.br\/2019\/wp-json\/wp\/v2\/media\/213109"}],"wp:attachment":[{"href":"https:\/\/doremimusical.com.br\/2019\/wp-json\/wp\/v2\/media?parent=213108"}],"wp:term":[{"taxonomy":"product_cat","embeddable":true,"href":"https:\/\/doremimusical.com.br\/2019\/wp-json\/wp\/v2\/product_cat?post=213108"},{"taxonomy":"product_tag","embeddable":true,"href":"https:\/\/doremimusical.com.br\/2019\/wp-json\/wp\/v2\/product_tag?post=213108"}],"curies":[{"name":"wp","href":"https:\/\/api.w.org\/{rel}","templated":true}]}}