{"id":213103,"date":"2019-11-13T19:50:07","date_gmt":"2019-11-13T19:50:07","guid":{"rendered":"https:\/\/doremimusical.com.br\/2019\/?post_type=product&#038;p=213103"},"modified":"2019-11-13T19:50:07","modified_gmt":"2019-11-13T19:50:07","slug":"encordoamento-daddario-guitarra-010-exl110-b","status":"publish","type":"product","link":"https:\/\/doremimusical.com.br\/2019\/produto\/encordoamento-daddario-guitarra-010-exl110-b\/","title":{"rendered":"Encordoamento D&#8217;addario Guitarra 010 EXL110-B"},"content":{"rendered":"<p>As EXL110 s\u00e3o as mais vendidas na D\u2019Addario. Proporcionam uma combina\u00e7\u00e3o ideal de timbre, flexibilidade e durabilidade. Um padr\u00e3o para maioria das guitarras.<\/p>\n<p>As D\u2019Addario XL Nickel Wound s\u00e3o reconhecidas mundialmente como a escolha dos grandes m\u00fasicos, entre guitarristas de todos os g\u00eaneros e estilos. S\u00e3o feitas de a\u00e7o banhado a n\u00edquel e enroladas com alta precis\u00e3o ao redor de uma alma hexagonal, resultando em uma corda com inconfund\u00edvel timbre brilhante e excelente afina\u00e7\u00e3o.<\/p>\n<table border=\"0\">\n<tbody>\n<tr>\n<td valign=\"top\"><strong>C\u00f3digo<\/strong><\/td>\n<td valign=\"top\"><strong>Nota<\/strong><\/td>\n<td valign=\"top\"><strong>pol<\/strong><\/td>\n<td valign=\"top\"><strong>mm<\/strong><\/td>\n<td valign=\"top\"><strong>lbs.<\/strong><\/td>\n<td><strong>kg<\/strong><\/td>\n<\/tr>\n<tr>\n<td>PL010<\/td>\n<td>E<\/td>\n<td>0.010<\/td>\n<td>0.25<\/td>\n<td>16.2<\/td>\n<td>7.35<\/td>\n<\/tr>\n<tr>\n<td>PL013<\/td>\n<td>B<\/td>\n<td>0.013<\/td>\n<td>0.33<\/td>\n<td>15.4<\/td>\n<td>6.98<\/td>\n<\/tr>\n<tr>\n<td>PL017<\/td>\n<td>G<\/td>\n<td>0.017<\/td>\n<td>0.43<\/td>\n<td>16.6<\/td>\n<td>7.53<\/td>\n<\/tr>\n<tr>\n<td>NW026<\/td>\n<td>D<\/td>\n<td>0.026<\/td>\n<td>0.66<\/td>\n<td>18.4<\/td>\n<td>8.34<\/td>\n<\/tr>\n<tr>\n<td>NW036<\/td>\n<td>A<\/td>\n<td>0.036<\/td>\n<td>0.91<\/td>\n<td>19.5<\/td>\n<td>8.84<\/td>\n<\/tr>\n<tr>\n<td>NW046<\/td>\n<td>E<\/td>\n<td>0.046<\/td>\n<td>1.17<\/td>\n<td>17.5<\/td>\n<td>7.94<\/td>\n<\/tr>\n<\/tbody>\n<\/table>\n","protected":false},"excerpt":{"rendered":"<p><img loading=\"lazy\" class=\"alignnone size-full wp-image-213070\" src=\"https:\/\/doremimusical.com.br\/2019\/wp-content\/uploads\/2019\/11\/Daddario.png\" alt=\"\" width=\"200\" height=\"37\" srcset=\"https:\/\/doremimusical.com.br\/2019\/wp-content\/uploads\/2019\/11\/Daddario.png 200w, https:\/\/doremimusical.com.br\/2019\/wp-content\/uploads\/2019\/11\/Daddario-150x28.png 150w\" sizes=\"(max-width: 200px) 100vw, 200px\" \/><\/p>\n","protected":false},"featured_media":213104,"template":"","meta":{"_et_pb_use_builder":"","_et_pb_old_content":"","_et_gb_content_width":""},"product_cat":[79,82,285,284,287],"product_tag":[],"_links":{"self":[{"href":"https:\/\/doremimusical.com.br\/2019\/wp-json\/wp\/v2\/product\/213103"}],"collection":[{"href":"https:\/\/doremimusical.com.br\/2019\/wp-json\/wp\/v2\/product"}],"about":[{"href":"https:\/\/doremimusical.com.br\/2019\/wp-json\/wp\/v2\/types\/product"}],"wp:featuredmedia":[{"embeddable":true,"href":"https:\/\/doremimusical.com.br\/2019\/wp-json\/wp\/v2\/media\/213104"}],"wp:attachment":[{"href":"https:\/\/doremimusical.com.br\/2019\/wp-json\/wp\/v2\/media?parent=213103"}],"wp:term":[{"taxonomy":"product_cat","embeddable":true,"href":"https:\/\/doremimusical.com.br\/2019\/wp-json\/wp\/v2\/product_cat?post=213103"},{"taxonomy":"product_tag","embeddable":true,"href":"https:\/\/doremimusical.com.br\/2019\/wp-json\/wp\/v2\/product_tag?post=213103"}],"curies":[{"name":"wp","href":"https:\/\/api.w.org\/{rel}","templated":true}]}}