{"id":213101,"date":"2019-11-13T19:42:18","date_gmt":"2019-11-13T19:42:18","guid":{"rendered":"https:\/\/doremimusical.com.br\/2019\/?post_type=product&#038;p=213101"},"modified":"2019-11-13T19:42:18","modified_gmt":"2019-11-13T19:42:18","slug":"encordoamento-daddario-guiatarra-009-exl120-b","status":"publish","type":"product","link":"https:\/\/doremimusical.com.br\/2019\/produto\/encordoamento-daddario-guiatarra-009-exl120-b\/","title":{"rendered":"Encordoamento D&#8217;addario Guiatarra 009 EXL120-B"},"content":{"rendered":"<p>As EXL120 est\u00e3o entre as mais vendidas na D\u2019Addario. Apresentam grande flexibilidade e um timbre forte, sendo um padr\u00e3o para muitos guitarristas.<\/p>\n<p>&nbsp;<\/p>\n<p>As cordas para guitarra com enrolamento de n\u00edquel D\u2019Addario XL s\u00e3o reconhecidas mundialmente como a escolha dos grandes m\u00fasicos, entre guitarristas de todos os g\u00eaneros e estilos. S\u00e3o as famosas \u201cThe Player\u2019s Choice\u201d, feitas de a\u00e7o banhado a n\u00edquel e enroladas com precis\u00e3o ao redor de uma alma hexagonal, resultando em uma corda com inconfund\u00edvel timbre brilhante e excelente afina\u00e7\u00e3o.<\/p>\n<table border=\"0\">\n<tbody>\n<tr>\n<td valign=\"top\"><strong>C\u00f3digo<\/strong><\/td>\n<td valign=\"top\"><strong>Nota<\/strong><\/td>\n<td valign=\"top\"><strong>pol<\/strong><\/td>\n<td valign=\"top\"><strong>mm<\/strong><\/td>\n<td valign=\"top\"><strong>lbs.<\/strong><\/td>\n<td><strong>kg<\/strong><\/td>\n<\/tr>\n<tr>\n<td>PL009<\/td>\n<td>E<\/td>\n<td>0.009<\/td>\n<td>0.23<\/td>\n<td>13.1<\/td>\n<td>5.94<\/td>\n<\/tr>\n<tr>\n<td>PL011<\/td>\n<td>B<\/td>\n<td>0.011<\/td>\n<td>0.28<\/td>\n<td>11.0<\/td>\n<td>4.99<\/td>\n<\/tr>\n<tr>\n<td>PL016<\/td>\n<td>G<\/td>\n<td>0.016<\/td>\n<td>0.41<\/td>\n<td>14.7<\/td>\n<td>6.67<\/td>\n<\/tr>\n<tr>\n<td>NW024<\/td>\n<td>D<\/td>\n<td>0.024<\/td>\n<td>0.61<\/td>\n<td>15.8<\/td>\n<td>7.17<\/td>\n<\/tr>\n<tr>\n<td>NW032<\/td>\n<td>A<\/td>\n<td>0.032<\/td>\n<td>0.81<\/td>\n<td>15.8<\/td>\n<td>7.17<\/td>\n<\/tr>\n<tr>\n<td>NW042<\/td>\n<td>E<\/td>\n<td>0.042<\/td>\n<td>1.07<\/td>\n<td>14.8<\/td>\n<td>6.71<\/td>\n<\/tr>\n<\/tbody>\n<\/table>\n","protected":false},"excerpt":{"rendered":"<p><img loading=\"lazy\" class=\"alignnone size-full wp-image-213070\" src=\"https:\/\/doremimusical.com.br\/2019\/wp-content\/uploads\/2019\/11\/Daddario.png\" alt=\"\" width=\"200\" height=\"37\" srcset=\"https:\/\/doremimusical.com.br\/2019\/wp-content\/uploads\/2019\/11\/Daddario.png 200w, https:\/\/doremimusical.com.br\/2019\/wp-content\/uploads\/2019\/11\/Daddario-150x28.png 150w\" sizes=\"(max-width: 200px) 100vw, 200px\" \/><\/p>\n","protected":false},"featured_media":213102,"template":"","meta":{"_et_pb_use_builder":"","_et_pb_old_content":"","_et_gb_content_width":""},"product_cat":[79,82,285,284,287],"product_tag":[],"_links":{"self":[{"href":"https:\/\/doremimusical.com.br\/2019\/wp-json\/wp\/v2\/product\/213101"}],"collection":[{"href":"https:\/\/doremimusical.com.br\/2019\/wp-json\/wp\/v2\/product"}],"about":[{"href":"https:\/\/doremimusical.com.br\/2019\/wp-json\/wp\/v2\/types\/product"}],"wp:featuredmedia":[{"embeddable":true,"href":"https:\/\/doremimusical.com.br\/2019\/wp-json\/wp\/v2\/media\/213102"}],"wp:attachment":[{"href":"https:\/\/doremimusical.com.br\/2019\/wp-json\/wp\/v2\/media?parent=213101"}],"wp:term":[{"taxonomy":"product_cat","embeddable":true,"href":"https:\/\/doremimusical.com.br\/2019\/wp-json\/wp\/v2\/product_cat?post=213101"},{"taxonomy":"product_tag","embeddable":true,"href":"https:\/\/doremimusical.com.br\/2019\/wp-json\/wp\/v2\/product_tag?post=213101"}],"curies":[{"name":"wp","href":"https:\/\/api.w.org\/{rel}","templated":true}]}}