{"id":213095,"date":"2019-11-13T19:17:19","date_gmt":"2019-11-13T19:17:19","guid":{"rendered":"https:\/\/doremimusical.com.br\/2019\/?post_type=product&#038;p=213095"},"modified":"2019-11-13T19:17:19","modified_gmt":"2019-11-13T19:17:19","slug":"encordoamento-daddario-contra-baixo-4c-045-exl170m","status":"publish","type":"product","link":"https:\/\/doremimusical.com.br\/2019\/produto\/encordoamento-daddario-contra-baixo-4c-045-exl170m\/","title":{"rendered":"Encordoamento D&#8217;addario Contra Baixo 4c 045 EXL170M"},"content":{"rendered":"<p>As cordas EXL170M s\u00e3o a vers\u00e3o em escala m\u00e9dia das EXL170, as mais vendidas entre as cordas de baixo el\u00e9trico. Oferecem a combina\u00e7\u00e3o ideal entre brilho, timbre reverberante e pegada confort\u00e1vel. As mais vers\u00e1teis e universalmente utilizadas para todos os estilos. Serve para baixos de escalas m\u00e9dias de comprimento de at\u00e9 34\u2033.<\/p>\n<p>&nbsp;<\/p>\n<p>As cordas de contrabaixo XL Nickel Electric Bass s\u00e3o reconhecidas mundialmente como a escolha dos grandes m\u00fasicos, de todos os g\u00eaneros e estilos. Todas as cordas XL s\u00e3o precisamente enroladas em nossas exclusivas m\u00e1quinas controladas por computador, assegurando a cada uma delas perfeita afina\u00e7\u00e3o, notas fundamentais limpas e inigual\u00e1vel consist\u00eancia. O enrolamento com fios de a\u00e7o banhados a n\u00edquel resulta em um timbre brilhante e excelente afina\u00e7\u00e3o, proporcionando um timbre universal, para todos os estilos musicais. As D\u2019Addario SXL s\u00e3o projetadas especialmente para serem utilizadas em baixos Steinberger que utilizam sistema double ball.<\/p>\n<table border=\"0\">\n<tbody>\n<tr>\n<td valign=\"top\"><strong>C\u00f3digo<\/strong><\/td>\n<td valign=\"top\"><strong>Nota<\/strong><\/td>\n<td valign=\"top\"><strong>pol<\/strong><\/td>\n<td valign=\"top\"><strong>mm<\/strong><\/td>\n<td valign=\"top\"><strong>lbs.<\/strong><\/td>\n<td><strong>kg<\/strong><\/td>\n<\/tr>\n<tr>\n<td>XB045M<\/td>\n<td>G<\/td>\n<td>0.045<\/td>\n<td>1.14<\/td>\n<td>38.2<\/td>\n<td>17.32<\/td>\n<\/tr>\n<tr>\n<td>XB065M<\/td>\n<td>D<\/td>\n<td>0.065<\/td>\n<td>1.65<\/td>\n<td>43.8<\/td>\n<td>19.86<\/td>\n<\/tr>\n<tr>\n<td>XB080M<\/td>\n<td>A<\/td>\n<td>0.080<\/td>\n<td>2.03<\/td>\n<td>37.5<\/td>\n<td>17.01<\/td>\n<\/tr>\n<tr>\n<td>XB100M<\/td>\n<td>E<\/td>\n<td>0.100<\/td>\n<td>2.54<\/td>\n<td>28.3<\/td>\n<td>12.83<\/td>\n<\/tr>\n<\/tbody>\n<\/table>\n","protected":false},"excerpt":{"rendered":"<p><img loading=\"lazy\" class=\"alignnone size-full wp-image-213070\" src=\"https:\/\/doremimusical.com.br\/2019\/wp-content\/uploads\/2019\/11\/Daddario.png\" alt=\"\" width=\"200\" height=\"37\" srcset=\"https:\/\/doremimusical.com.br\/2019\/wp-content\/uploads\/2019\/11\/Daddario.png 200w, https:\/\/doremimusical.com.br\/2019\/wp-content\/uploads\/2019\/11\/Daddario-150x28.png 150w\" sizes=\"(max-width: 200px) 100vw, 200px\" \/><\/p>\n","protected":false},"featured_media":213096,"template":"","meta":{"_et_pb_use_builder":"","_et_pb_old_content":"","_et_gb_content_width":""},"product_cat":[79,82,286,285,284],"product_tag":[],"_links":{"self":[{"href":"https:\/\/doremimusical.com.br\/2019\/wp-json\/wp\/v2\/product\/213095"}],"collection":[{"href":"https:\/\/doremimusical.com.br\/2019\/wp-json\/wp\/v2\/product"}],"about":[{"href":"https:\/\/doremimusical.com.br\/2019\/wp-json\/wp\/v2\/types\/product"}],"wp:featuredmedia":[{"embeddable":true,"href":"https:\/\/doremimusical.com.br\/2019\/wp-json\/wp\/v2\/media\/213096"}],"wp:attachment":[{"href":"https:\/\/doremimusical.com.br\/2019\/wp-json\/wp\/v2\/media?parent=213095"}],"wp:term":[{"taxonomy":"product_cat","embeddable":true,"href":"https:\/\/doremimusical.com.br\/2019\/wp-json\/wp\/v2\/product_cat?post=213095"},{"taxonomy":"product_tag","embeddable":true,"href":"https:\/\/doremimusical.com.br\/2019\/wp-json\/wp\/v2\/product_tag?post=213095"}],"curies":[{"name":"wp","href":"https:\/\/api.w.org\/{rel}","templated":true}]}}