{"id":213082,"date":"2019-11-13T18:56:17","date_gmt":"2019-11-13T18:56:17","guid":{"rendered":"https:\/\/doremimusical.com.br\/2019\/?post_type=product&#038;p=213082"},"modified":"2019-11-13T18:56:18","modified_gmt":"2019-11-13T18:56:18","slug":"encordoamento-daddario-contra-baixo-4c-045-eps170sl","status":"publish","type":"product","link":"https:\/\/doremimusical.com.br\/2019\/produto\/encordoamento-daddario-contra-baixo-4c-045-eps170sl\/","title":{"rendered":"Encordoamento D&#8217;addario Contra Baixo 4c 045 EPS170SL"},"content":{"rendered":"<p>As EPS170SL s\u00e3o a vers\u00e3o alongada das EPS170, as mais vendidas entre as D\u2019Addario ProSteels, e possuem um di\u00e2metro padr\u00e3o para maioria dos baixos el\u00e9tricos. Elas oferecem uma combina\u00e7\u00e3o ideal entre agudos ressaltados, graves fortes e alta durabilidade. Para uso em baixos de escalas super longas com uma escala de comprimento de at\u00e9 38\u2033.<\/p>\n<p>&nbsp;<\/p>\n<p>As ProSteels s\u00e3o as cordas de contrabaixo mais brilhantes e magn\u00e9ticas da D\u2019Addario. Uma liga especial de a\u00e7o proporciona agudos brilhantes e ricos combinados com graves profundos e definidos que trabalham lado-a-lado para alcan\u00e7ar o timbre semelhante ao\u00a0 \u2018piano tone\u2019 que os m\u00fasicos tanto desejam. As ProSteels d\u00e3o \u00e0 voc\u00ea aquela pontinha a mais de agudos e de punch que voc\u00ea precisa para se destacar na mixagem.<\/p>\n<table border=\"0\">\n<tbody>\n<tr>\n<td valign=\"top\"><strong>C\u00f3digo<\/strong><\/td>\n<td valign=\"top\"><strong>Nota<\/strong><\/td>\n<td valign=\"top\"><strong>pol<\/strong><\/td>\n<td valign=\"top\"><strong>mm<\/strong><\/td>\n<td valign=\"top\"><strong>lbs.<\/strong><\/td>\n<td><strong>kg<\/strong><\/td>\n<\/tr>\n<tr>\n<td>PSB045SL<\/td>\n<td>G<\/td>\n<td>0.045<\/td>\n<td>1.14<\/td>\n<td>47.0<\/td>\n<td>21.32<\/td>\n<\/tr>\n<tr>\n<td>PSB065SL<\/td>\n<td>D<\/td>\n<td>0.065<\/td>\n<td>1.6<\/td>\n<td>53.0<\/td>\n<td>24.04<\/td>\n<\/tr>\n<tr>\n<td>PWB080SL<\/td>\n<td>A<\/td>\n<td>0.080<\/td>\n<td>2.03<\/td>\n<td>45.4<\/td>\n<td>20.59<\/td>\n<\/tr>\n<tr>\n<td>PSB100SL<\/td>\n<td>E<\/td>\n<td>0.100<\/td>\n<td>2.54<\/td>\n<td>38.6<\/td>\n<td>17.51<\/td>\n<\/tr>\n<\/tbody>\n<\/table>\n","protected":false},"excerpt":{"rendered":"<p><img loading=\"lazy\" class=\"alignnone size-full wp-image-213070\" src=\"https:\/\/doremimusical.com.br\/2019\/wp-content\/uploads\/2019\/11\/Daddario.png\" alt=\"\" width=\"200\" height=\"37\" srcset=\"https:\/\/doremimusical.com.br\/2019\/wp-content\/uploads\/2019\/11\/Daddario.png 200w, https:\/\/doremimusical.com.br\/2019\/wp-content\/uploads\/2019\/11\/Daddario-150x28.png 150w\" sizes=\"(max-width: 200px) 100vw, 200px\" \/><\/p>\n","protected":false},"featured_media":213084,"template":"","meta":{"_et_pb_use_builder":"","_et_pb_old_content":"","_et_gb_content_width":""},"product_cat":[79,82,286,285,284],"product_tag":[],"_links":{"self":[{"href":"https:\/\/doremimusical.com.br\/2019\/wp-json\/wp\/v2\/product\/213082"}],"collection":[{"href":"https:\/\/doremimusical.com.br\/2019\/wp-json\/wp\/v2\/product"}],"about":[{"href":"https:\/\/doremimusical.com.br\/2019\/wp-json\/wp\/v2\/types\/product"}],"wp:featuredmedia":[{"embeddable":true,"href":"https:\/\/doremimusical.com.br\/2019\/wp-json\/wp\/v2\/media\/213084"}],"wp:attachment":[{"href":"https:\/\/doremimusical.com.br\/2019\/wp-json\/wp\/v2\/media?parent=213082"}],"wp:term":[{"taxonomy":"product_cat","embeddable":true,"href":"https:\/\/doremimusical.com.br\/2019\/wp-json\/wp\/v2\/product_cat?post=213082"},{"taxonomy":"product_tag","embeddable":true,"href":"https:\/\/doremimusical.com.br\/2019\/wp-json\/wp\/v2\/product_tag?post=213082"}],"curies":[{"name":"wp","href":"https:\/\/api.w.org\/{rel}","templated":true}]}}