{"id":213071,"date":"2019-11-13T18:43:27","date_gmt":"2019-11-13T18:43:27","guid":{"rendered":"https:\/\/doremimusical.com.br\/2019\/?post_type=product&#038;p=213071"},"modified":"2019-11-13T18:43:27","modified_gmt":"2019-11-13T18:43:27","slug":"encordoamento-daddario-contra-baixo-5c-040-eps220-5","status":"publish","type":"product","link":"https:\/\/doremimusical.com.br\/2019\/produto\/encordoamento-daddario-contra-baixo-5c-040-eps220-5\/","title":{"rendered":"Encordoamento D&#8217;addario Contra Baixo 5c 040 EPS220-5"},"content":{"rendered":"<p>As EPS220-5 s\u00e3o uma vers\u00e3o de 5 cordas das populares EPS220. Com a adi\u00e7\u00e3o da B .125 grave, este set oferece mais flexibilidade para baixistas do que um set padr\u00e3o para baixo, enquanto mantem a combina\u00e7\u00e3o entre agudos ressaltados, graves fortes e boa durabilidade. Serve para baixos de escalas longas com um comprimento de at\u00e9 36 1\/4\u2033.<\/p>\n<p>&nbsp;<\/p>\n<p>As ProSteels s\u00e3o as cordas de contrabaixo mais brilhantes e magn\u00e9ticas da D\u2019Addario. Uma liga especial de a\u00e7o proporciona agudos brilhantes e ricos combinados com graves profundos e definidos que trabalham lado-a-lado para alcan\u00e7ar o timbre semelhante ao\u00a0 \u2018piano tone\u2019 que os m\u00fasicos tanto desejam. As ProSteels d\u00e3o \u00e0 voc\u00ea aquela pontinha a mais de agudos e de punch que voc\u00ea precisa para se destacar na mixagem.<\/p>\n<p>&nbsp;<\/p>\n<table border=\"0\">\n<tbody>\n<tr>\n<td valign=\"top\"><strong>C\u00f3digo<\/strong><\/td>\n<td valign=\"top\"><strong>Nota<\/strong><\/td>\n<td valign=\"top\"><strong>pol<\/strong><\/td>\n<td valign=\"top\"><strong>mm<\/strong><\/td>\n<td valign=\"top\"><strong>lbs.<\/strong><\/td>\n<td><strong>kg<\/strong><\/td>\n<\/tr>\n<tr>\n<td>PSB040<\/td>\n<td>G<\/td>\n<td>0.040<\/td>\n<td>1.02<\/td>\n<td>33.8<\/td>\n<td>15.33<\/td>\n<\/tr>\n<tr>\n<td>PSB060<\/td>\n<td>D<\/td>\n<td>0.060<\/td>\n<td>1.52<\/td>\n<td>43.7<\/td>\n<td>19.82<\/td>\n<\/tr>\n<tr>\n<td>PSB075<\/td>\n<td>A<\/td>\n<td>0.075<\/td>\n<td>1.91<\/td>\n<td>34.7<\/td>\n<td>15.74<\/td>\n<\/tr>\n<tr>\n<td>PSB095<\/td>\n<td>E<\/td>\n<td>0.095<\/td>\n<td>2.41<\/td>\n<td>31.8<\/td>\n<td>14.42<\/td>\n<\/tr>\n<tr>\n<td>PSB125<\/td>\n<td>B<\/td>\n<td>0.125<\/td>\n<td>3.18<\/td>\n<td>30.1<\/td>\n<td>13.65<\/td>\n<\/tr>\n<\/tbody>\n<\/table>\n","protected":false},"excerpt":{"rendered":"<p><img loading=\"lazy\" class=\"alignnone size-full wp-image-213070\" src=\"https:\/\/doremimusical.com.br\/2019\/wp-content\/uploads\/2019\/11\/Daddario.png\" alt=\"\" width=\"200\" height=\"37\" srcset=\"https:\/\/doremimusical.com.br\/2019\/wp-content\/uploads\/2019\/11\/Daddario.png 200w, https:\/\/doremimusical.com.br\/2019\/wp-content\/uploads\/2019\/11\/Daddario-150x28.png 150w\" sizes=\"(max-width: 200px) 100vw, 200px\" \/><\/p>\n","protected":false},"featured_media":212753,"template":"","meta":{"_et_pb_use_builder":"","_et_pb_old_content":"","_et_gb_content_width":""},"product_cat":[79,82,286,285,284],"product_tag":[],"_links":{"self":[{"href":"https:\/\/doremimusical.com.br\/2019\/wp-json\/wp\/v2\/product\/213071"}],"collection":[{"href":"https:\/\/doremimusical.com.br\/2019\/wp-json\/wp\/v2\/product"}],"about":[{"href":"https:\/\/doremimusical.com.br\/2019\/wp-json\/wp\/v2\/types\/product"}],"wp:featuredmedia":[{"embeddable":true,"href":"https:\/\/doremimusical.com.br\/2019\/wp-json\/wp\/v2\/media\/212753"}],"wp:attachment":[{"href":"https:\/\/doremimusical.com.br\/2019\/wp-json\/wp\/v2\/media?parent=213071"}],"wp:term":[{"taxonomy":"product_cat","embeddable":true,"href":"https:\/\/doremimusical.com.br\/2019\/wp-json\/wp\/v2\/product_cat?post=213071"},{"taxonomy":"product_tag","embeddable":true,"href":"https:\/\/doremimusical.com.br\/2019\/wp-json\/wp\/v2\/product_tag?post=213071"}],"curies":[{"name":"wp","href":"https:\/\/api.w.org\/{rel}","templated":true}]}}