{"id":212738,"date":"2019-11-08T16:35:27","date_gmt":"2019-11-08T16:35:27","guid":{"rendered":"https:\/\/doremimusical.com.br\/2019\/?post_type=product&#038;p=212738"},"modified":"2019-11-08T16:35:27","modified_gmt":"2019-11-08T16:35:27","slug":"tarraxa-cromada-violao-aco-tr-s6-blindada","status":"publish","type":"product","link":"https:\/\/doremimusical.com.br\/2019\/produto\/tarraxa-cromada-violao-aco-tr-s6-blindada\/","title":{"rendered":"Tarraxa Cromada Viol\u00e3o A\u00e7o TR-S6 Blindada"},"content":{"rendered":"<p><strong>Descri\u00e7\u00e3o<\/strong><\/p>\n<p><strong>\u2013 Marca: PHX<br \/>\n\u2013 Modelo: TR-S6<\/strong><\/p>\n<p>Especifica\u00e7\u00f5es:<br \/>\n\u2013 Tarraxa para Viol\u00e3o<br \/>\n\u2013 Tamanho: Padr\u00e3o<br \/>\n\u2013 Tarraxas Blindadas<br \/>\n\u2013 Cor: Cromada<\/p>\n<p>Cont\u00e9udo da embalagem:<br \/>\n\u2013 01\u00a0Kit com 06\u00a0Tarraxas<\/p>\n","protected":false},"excerpt":{"rendered":"<p><img loading=\"lazy\" class=\"alignnone size-full wp-image-211921\" src=\"https:\/\/doremimusical.com.br\/2019\/wp-content\/uploads\/2019\/08\/PHX.png\" alt=\"\" width=\"152\" height=\"58\" srcset=\"https:\/\/doremimusical.com.br\/2019\/wp-content\/uploads\/2019\/08\/PHX.png 152w, https:\/\/doremimusical.com.br\/2019\/wp-content\/uploads\/2019\/08\/PHX-150x57.png 150w\" sizes=\"(max-width: 152px) 100vw, 152px\" \/><\/p>\n","protected":false},"featured_media":212739,"template":"","meta":{"_et_pb_use_builder":"","_et_pb_old_content":"","_et_gb_content_width":""},"product_cat":[79,82,279,260,280],"product_tag":[],"_links":{"self":[{"href":"https:\/\/doremimusical.com.br\/2019\/wp-json\/wp\/v2\/product\/212738"}],"collection":[{"href":"https:\/\/doremimusical.com.br\/2019\/wp-json\/wp\/v2\/product"}],"about":[{"href":"https:\/\/doremimusical.com.br\/2019\/wp-json\/wp\/v2\/types\/product"}],"wp:featuredmedia":[{"embeddable":true,"href":"https:\/\/doremimusical.com.br\/2019\/wp-json\/wp\/v2\/media\/212739"}],"wp:attachment":[{"href":"https:\/\/doremimusical.com.br\/2019\/wp-json\/wp\/v2\/media?parent=212738"}],"wp:term":[{"taxonomy":"product_cat","embeddable":true,"href":"https:\/\/doremimusical.com.br\/2019\/wp-json\/wp\/v2\/product_cat?post=212738"},{"taxonomy":"product_tag","embeddable":true,"href":"https:\/\/doremimusical.com.br\/2019\/wp-json\/wp\/v2\/product_tag?post=212738"}],"curies":[{"name":"wp","href":"https:\/\/api.w.org\/{rel}","templated":true}]}}