{"id":212706,"date":"2019-11-07T19:46:40","date_gmt":"2019-11-07T19:46:40","guid":{"rendered":"https:\/\/doremimusical.com.br\/2019\/?post_type=product&#038;p=212706"},"modified":"2019-11-07T19:46:40","modified_gmt":"2019-11-07T19:46:40","slug":"tarraxa-dourada-violao-aco-am01gr-blindada","status":"publish","type":"product","link":"https:\/\/doremimusical.com.br\/2019\/produto\/tarraxa-dourada-violao-aco-am01gr-blindada\/","title":{"rendered":"Tarraxa Dourada Viol\u00e3o A\u00e7o AM01GR Blindada"},"content":{"rendered":"<h2>Descri\u00e7\u00e3o<\/h2>\n<h5>\u2013 Marca: Strinberg<br \/>\n\u2013 Modelo: J01GD<\/h5>\n<p>Especifica\u00e7\u00f5es:<br \/>\n\u2013\u00a0Tarraxa para Viol\u00e3o<br \/>\n\u2013 Tamanho: Padr\u00e3o<br \/>\n\u2013 Compatibilidade:\u00a0Viol\u00e3o A\u00e7o<br \/>\n\u2013 Tarraxas Blindadas<br \/>\n\u2013 Cor: Dourada<\/p>\n<p>Cont\u00e9udo da embalagem:<br \/>\n\u2013 01\u00a0Kit com 06\u00a0Tarraxas<\/p>\n","protected":false},"excerpt":{"rendered":"<p><img loading=\"lazy\" class=\"alignnone size-full wp-image-212696\" src=\"https:\/\/doremimusical.com.br\/2019\/wp-content\/uploads\/2019\/11\/Strinberg.png\" alt=\"\" width=\"184\" height=\"43\" srcset=\"https:\/\/doremimusical.com.br\/2019\/wp-content\/uploads\/2019\/11\/Strinberg.png 184w, https:\/\/doremimusical.com.br\/2019\/wp-content\/uploads\/2019\/11\/Strinberg-150x35.png 150w\" sizes=\"(max-width: 184px) 100vw, 184px\" \/><\/p>\n","protected":false},"featured_media":212707,"template":"","meta":{"_et_pb_use_builder":"","_et_pb_old_content":"","_et_gb_content_width":""},"product_cat":[79,82,275,260,276],"product_tag":[],"_links":{"self":[{"href":"https:\/\/doremimusical.com.br\/2019\/wp-json\/wp\/v2\/product\/212706"}],"collection":[{"href":"https:\/\/doremimusical.com.br\/2019\/wp-json\/wp\/v2\/product"}],"about":[{"href":"https:\/\/doremimusical.com.br\/2019\/wp-json\/wp\/v2\/types\/product"}],"wp:featuredmedia":[{"embeddable":true,"href":"https:\/\/doremimusical.com.br\/2019\/wp-json\/wp\/v2\/media\/212707"}],"wp:attachment":[{"href":"https:\/\/doremimusical.com.br\/2019\/wp-json\/wp\/v2\/media?parent=212706"}],"wp:term":[{"taxonomy":"product_cat","embeddable":true,"href":"https:\/\/doremimusical.com.br\/2019\/wp-json\/wp\/v2\/product_cat?post=212706"},{"taxonomy":"product_tag","embeddable":true,"href":"https:\/\/doremimusical.com.br\/2019\/wp-json\/wp\/v2\/product_tag?post=212706"}],"curies":[{"name":"wp","href":"https:\/\/api.w.org\/{rel}","templated":true}]}}