{"id":212588,"date":"2019-10-15T21:58:31","date_gmt":"2019-10-15T21:58:31","guid":{"rendered":"https:\/\/doremimusical.com.br\/2019\/?post_type=product&#038;p=212588"},"modified":"2019-10-15T21:58:32","modified_gmt":"2019-10-15T21:58:32","slug":"escudo-estilo-floral-preto-ronsani-1125","status":"publish","type":"product","link":"https:\/\/doremimusical.com.br\/2019\/produto\/escudo-estilo-floral-preto-ronsani-1125\/","title":{"rendered":"Escudo Estilo Floral Preto Ronsani 1125"},"content":{"rendered":"<h2>N\u00e3o \u00e9 um simples adesivo, \u00e9 PVC r\u00edgido e auto colante. Serve para qualquer viol\u00e3o boca redonda, estilo: Folk, Jumbo, Flat, Estudante, Nylon e a\u00e7o.<br \/>\nProtege contra arranh\u00f5es de palhetadas e proporciona visual Bonito e Robusto.<\/h2>\n<h2>&#8211; F\u00e1cil aplica\u00e7\u00e3o.<\/h2>\n<h2>&#8211; Protege e proporciona um visual cl\u00e1ssico.<\/h2>\n<h2>&#8211; Escudo preto r\u00edgido, n\u00e3o \u00e9 apenas um simples adesivo em vinil.<\/h2>\n","protected":false},"excerpt":{"rendered":"<p><img loading=\"lazy\" class=\"alignnone size-full wp-image-212589\" src=\"https:\/\/doremimusical.com.br\/2019\/wp-content\/uploads\/2019\/10\/Ronsani.png\" alt=\"\" width=\"223\" height=\"69\" srcset=\"https:\/\/doremimusical.com.br\/2019\/wp-content\/uploads\/2019\/10\/Ronsani.png 223w, https:\/\/doremimusical.com.br\/2019\/wp-content\/uploads\/2019\/10\/Ronsani-150x46.png 150w\" sizes=\"(max-width: 223px) 100vw, 223px\" \/><\/p>\n","protected":false},"featured_media":212590,"template":"","meta":{"_et_pb_use_builder":"","_et_pb_old_content":"","_et_gb_content_width":""},"product_cat":[79,82,254,257],"product_tag":[],"_links":{"self":[{"href":"https:\/\/doremimusical.com.br\/2019\/wp-json\/wp\/v2\/product\/212588"}],"collection":[{"href":"https:\/\/doremimusical.com.br\/2019\/wp-json\/wp\/v2\/product"}],"about":[{"href":"https:\/\/doremimusical.com.br\/2019\/wp-json\/wp\/v2\/types\/product"}],"wp:featuredmedia":[{"embeddable":true,"href":"https:\/\/doremimusical.com.br\/2019\/wp-json\/wp\/v2\/media\/212590"}],"wp:attachment":[{"href":"https:\/\/doremimusical.com.br\/2019\/wp-json\/wp\/v2\/media?parent=212588"}],"wp:term":[{"taxonomy":"product_cat","embeddable":true,"href":"https:\/\/doremimusical.com.br\/2019\/wp-json\/wp\/v2\/product_cat?post=212588"},{"taxonomy":"product_tag","embeddable":true,"href":"https:\/\/doremimusical.com.br\/2019\/wp-json\/wp\/v2\/product_tag?post=212588"}],"curies":[{"name":"wp","href":"https:\/\/api.w.org\/{rel}","templated":true}]}}