{"id":212574,"date":"2019-10-15T20:31:50","date_gmt":"2019-10-15T20:31:50","guid":{"rendered":"https:\/\/doremimusical.com.br\/2019\/?post_type=product&#038;p=212574"},"modified":"2019-10-15T20:31:50","modified_gmt":"2019-10-15T20:31:50","slug":"anti-feedback-oval-tagima-taf-1-abafador","status":"publish","type":"product","link":"https:\/\/doremimusical.com.br\/2019\/produto\/anti-feedback-oval-tagima-taf-1-abafador\/","title":{"rendered":"Anti-Feedback Oval Tagima TAF-1 Abafador"},"content":{"rendered":"<p>Anti Feedbak Tagima TAF-1 para Viol\u00e3o de boca Oval<\/p>\n<p>O Anti FeedBack TAF-1 da Tagima pode ser usado tanto em viol\u00f5es com cordas de Nylon, quanto cordas de a\u00e7o. Seu Design foi especialmente desenvolvido para viol\u00f5es com boca oval como os Dallas ou Vegas.<\/p>\n<p>Caracter\u00edsticas:<\/p>\n<p>&#8211; Elimina a realimenta\u00e7\u00e3o (feedback ou microfonia)<\/p>\n<p>&#8211; Borracha macia, n\u00e3o danifica o acabamento do instrumento<\/p>\n<p>&#8211; Design anat\u00f4mico facilmente adapt\u00e1vel a v\u00e1rios tipos de viol\u00f5es<\/p>\n<p>&#8211; F\u00e1cil instala\u00e7\u00e3o e remo\u00e7\u00e3o<\/p>\n<p>&#8211; Feito para viol\u00f5es com boca oval<\/p>\n<p>&#8211; Medidas: 110 x 80 mm<\/p>\n","protected":false},"excerpt":{"rendered":"<p><img loading=\"lazy\" class=\"alignnone size-full wp-image-211852\" src=\"https:\/\/doremimusical.com.br\/2019\/wp-content\/uploads\/2019\/08\/Tagima.png\" alt=\"\" width=\"155\" height=\"74\" srcset=\"https:\/\/doremimusical.com.br\/2019\/wp-content\/uploads\/2019\/08\/Tagima.png 155w, https:\/\/doremimusical.com.br\/2019\/wp-content\/uploads\/2019\/08\/Tagima-150x72.png 150w\" sizes=\"(max-width: 155px) 100vw, 155px\" \/><\/p>\n","protected":false},"featured_media":212575,"template":"","meta":{"_et_pb_use_builder":"","_et_pb_old_content":"","_et_gb_content_width":""},"product_cat":[79,82,251,252],"product_tag":[],"_links":{"self":[{"href":"https:\/\/doremimusical.com.br\/2019\/wp-json\/wp\/v2\/product\/212574"}],"collection":[{"href":"https:\/\/doremimusical.com.br\/2019\/wp-json\/wp\/v2\/product"}],"about":[{"href":"https:\/\/doremimusical.com.br\/2019\/wp-json\/wp\/v2\/types\/product"}],"wp:featuredmedia":[{"embeddable":true,"href":"https:\/\/doremimusical.com.br\/2019\/wp-json\/wp\/v2\/media\/212575"}],"wp:attachment":[{"href":"https:\/\/doremimusical.com.br\/2019\/wp-json\/wp\/v2\/media?parent=212574"}],"wp:term":[{"taxonomy":"product_cat","embeddable":true,"href":"https:\/\/doremimusical.com.br\/2019\/wp-json\/wp\/v2\/product_cat?post=212574"},{"taxonomy":"product_tag","embeddable":true,"href":"https:\/\/doremimusical.com.br\/2019\/wp-json\/wp\/v2\/product_tag?post=212574"}],"curies":[{"name":"wp","href":"https:\/\/api.w.org\/{rel}","templated":true}]}}