{"id":212572,"date":"2019-10-15T20:27:40","date_gmt":"2019-10-15T20:27:40","guid":{"rendered":"https:\/\/doremimusical.com.br\/2019\/?post_type=product&#038;p=212572"},"modified":"2019-10-15T20:27:41","modified_gmt":"2019-10-15T20:27:41","slug":"anti-feedback-redondo-tagima-taf-2a-abafador","status":"publish","type":"product","link":"https:\/\/doremimusical.com.br\/2019\/produto\/anti-feedback-redondo-tagima-taf-2a-abafador\/","title":{"rendered":"Anti-Feedback Redondo Tagima TAF-2A Abafador"},"content":{"rendered":"<p>ANTI-FEEDBACK REDONDO TAGIMA TAF-2A ABAFADOR PARA VIOL\u00c3O MICROFONIA<\/p>\n<p>O Anti FeedBack TAF 1 BK da Tagima pode ser usado tanto em viol\u00f5es com cordas de Nylon, quanto cordas de a\u00e7o. Seu Design foi especialmente desenvolvido para viol\u00f5es com boca redonda.<br \/>\nCaracter\u00edsticas:<br \/>\n&#8211; Elimina a realimenta\u00e7\u00e3o (feedback)<br \/>\n&#8211; Borracha macia, n\u00e3o danifica o acabamento do instrumento<br \/>\n&#8211; Design anat\u00f4mico facilmente adapt\u00e1vel a v\u00e1rios tipos de viol\u00f5es<br \/>\n&#8211; F\u00e1cil instala\u00e7\u00e3o e remo\u00e7\u00e3o<br \/>\n&#8211; Feito para viol\u00f5es com boca oval<br \/>\n&#8211; Di\u00e2metro: 100 mm<\/p>\n<p>Aplica\u00e7\u00e3o: Viol\u00e3o de Boca Redeonda<br \/>\nMaterial: Borracha<br \/>\nDimens\u00f5es: 10 cm<br \/>\nCor: Preto<\/p>\n","protected":false},"excerpt":{"rendered":"<p><img loading=\"lazy\" class=\"alignnone size-full wp-image-211852\" src=\"https:\/\/doremimusical.com.br\/2019\/wp-content\/uploads\/2019\/08\/Tagima.png\" alt=\"\" width=\"155\" height=\"74\" srcset=\"https:\/\/doremimusical.com.br\/2019\/wp-content\/uploads\/2019\/08\/Tagima.png 155w, https:\/\/doremimusical.com.br\/2019\/wp-content\/uploads\/2019\/08\/Tagima-150x72.png 150w\" sizes=\"(max-width: 155px) 100vw, 155px\" \/><\/p>\n","protected":false},"featured_media":212573,"template":"","meta":{"_et_pb_use_builder":"","_et_pb_old_content":"","_et_gb_content_width":""},"product_cat":[79,82,251,252],"product_tag":[],"_links":{"self":[{"href":"https:\/\/doremimusical.com.br\/2019\/wp-json\/wp\/v2\/product\/212572"}],"collection":[{"href":"https:\/\/doremimusical.com.br\/2019\/wp-json\/wp\/v2\/product"}],"about":[{"href":"https:\/\/doremimusical.com.br\/2019\/wp-json\/wp\/v2\/types\/product"}],"wp:featuredmedia":[{"embeddable":true,"href":"https:\/\/doremimusical.com.br\/2019\/wp-json\/wp\/v2\/media\/212573"}],"wp:attachment":[{"href":"https:\/\/doremimusical.com.br\/2019\/wp-json\/wp\/v2\/media?parent=212572"}],"wp:term":[{"taxonomy":"product_cat","embeddable":true,"href":"https:\/\/doremimusical.com.br\/2019\/wp-json\/wp\/v2\/product_cat?post=212572"},{"taxonomy":"product_tag","embeddable":true,"href":"https:\/\/doremimusical.com.br\/2019\/wp-json\/wp\/v2\/product_tag?post=212572"}],"curies":[{"name":"wp","href":"https:\/\/api.w.org\/{rel}","templated":true}]}}