{"id":212438,"date":"2019-09-30T22:05:22","date_gmt":"2019-09-30T22:05:22","guid":{"rendered":"https:\/\/doremimusical.com.br\/2019\/?post_type=product&#038;p=212438"},"modified":"2019-09-30T22:05:22","modified_gmt":"2019-09-30T22:05:22","slug":"ganza-aluminio-15cm-mini","status":"publish","type":"product","link":"https:\/\/doremimusical.com.br\/2019\/produto\/ganza-aluminio-15cm-mini\/","title":{"rendered":"Ganz\u00e1 Alum\u00ednio 15cm Mini"},"content":{"rendered":"<p>Ganz\u00e1 pequeno (15cm) em alum\u00ednio<br \/>\nPHX Music<\/p>\n<p>Com seu tamanho reduzido (15cm), \u00e9 excelente quando se procura um som mais discreto, como MPB, samba de roda, lual, entre outros.<br \/>\nAl\u00e9m do tamanho, \u00e9 um ganz\u00e1 leve (pouca quantidade de esferas met\u00e1licas dentro), ideal quando se procura um volume mais baixo. N\u00e3o \u00e9 indicado quando \u00e9 preciso produzir som forte \u2013 neste caso nos consulte pois temos outros modelos dispon\u00edveis.<br \/>\nEmbora tenha tamanho pequeno, os 15cm s\u00e3o suficientes para executar levadas de ritmos como frevo e c\u00f4co, al\u00e9m do samba e similares, mas como volume reduzido.<br \/>\nPode ser usado com uma ou duas m\u00e3os.<br \/>\nPadr\u00e3o profissional de qualidade, perfeitamente adequado para shows e grava\u00e7\u00f5es.<\/p>\n<p>Especifica\u00e7\u00f5es:<br \/>\nMedidas: 15cm<br \/>\nMaterial do corpo: Alum\u00ednio<br \/>\nPeso aproximado: 85g<br \/>\nCor: Alum\u00ednio natural<\/p>\n<p>Sobre a marca Music:<br \/>\nA Music Instrumentos est\u00e1 presente em todo o Brasil, com mais de tr\u00eas d\u00e9cadas de know-how no Mercado Musical. \u00c9 dona das marcas Phx (Phoenix), Mustang e Camerata. Possui licenciamento para instrumentos musicais profissionais Disney, Peanuts e Marvel.<br \/>\nAp\u00f3s uma reestrutura\u00e7\u00e3o, atualmente tem como principal filosofia a busca constante de produtos inovadores. Possui em seu cat\u00e1logo um mix completo de instrumentos de corda, percuss\u00e3o e acess\u00f3rios.<br \/>\nOs produtos Music se destacam pelo acabamento, sonoridade e principalmente pela inova\u00e7\u00e3o em toda linha. Os desafios v\u00e3o al\u00e9m do desenvolvimento de novos produtos, pois est\u00e1 sempre focada no rigoroso controle de qualidade, desde a sele\u00e7\u00e3o da madeira at\u00e9 o armazenamento e distribui\u00e7\u00e3o.<br \/>\nOs instrumentos s\u00e3o a maior express\u00e3o da nossa ess\u00eancia.<\/p>\n","protected":false},"excerpt":{"rendered":"<p><img loading=\"lazy\" class=\"alignnone size-full wp-image-211921\" src=\"https:\/\/doremimusical.com.br\/2019\/wp-content\/uploads\/2019\/08\/PHX.png\" alt=\"\" width=\"152\" height=\"58\" srcset=\"https:\/\/doremimusical.com.br\/2019\/wp-content\/uploads\/2019\/08\/PHX.png 152w, https:\/\/doremimusical.com.br\/2019\/wp-content\/uploads\/2019\/08\/PHX-150x57.png 150w\" sizes=\"(max-width: 152px) 100vw, 152px\" \/><\/p>\n","protected":false},"featured_media":212439,"template":"","meta":{"_et_pb_use_builder":"","_et_pb_old_content":"","_et_gb_content_width":""},"product_cat":[79,176,85,146,178],"product_tag":[],"_links":{"self":[{"href":"https:\/\/doremimusical.com.br\/2019\/wp-json\/wp\/v2\/product\/212438"}],"collection":[{"href":"https:\/\/doremimusical.com.br\/2019\/wp-json\/wp\/v2\/product"}],"about":[{"href":"https:\/\/doremimusical.com.br\/2019\/wp-json\/wp\/v2\/types\/product"}],"wp:featuredmedia":[{"embeddable":true,"href":"https:\/\/doremimusical.com.br\/2019\/wp-json\/wp\/v2\/media\/212439"}],"wp:attachment":[{"href":"https:\/\/doremimusical.com.br\/2019\/wp-json\/wp\/v2\/media?parent=212438"}],"wp:term":[{"taxonomy":"product_cat","embeddable":true,"href":"https:\/\/doremimusical.com.br\/2019\/wp-json\/wp\/v2\/product_cat?post=212438"},{"taxonomy":"product_tag","embeddable":true,"href":"https:\/\/doremimusical.com.br\/2019\/wp-json\/wp\/v2\/product_tag?post=212438"}],"curies":[{"name":"wp","href":"https:\/\/api.w.org\/{rel}","templated":true}]}}