{"id":212432,"date":"2019-09-30T21:06:55","date_gmt":"2019-09-30T21:06:55","guid":{"rendered":"https:\/\/doremimusical.com.br\/2019\/?post_type=product&#038;p=212432"},"modified":"2019-09-30T21:06:55","modified_gmt":"2019-09-30T21:06:55","slug":"gc-160-ganza-cilindrico-polido-160mm","status":"publish","type":"product","link":"https:\/\/doremimusical.com.br\/2019\/produto\/gc-160-ganza-cilindrico-polido-160mm\/","title":{"rendered":"GC 160 \u2013 Ganz\u00e1 cil\u00edndrico Polido 160mm"},"content":{"rendered":"<h1 class=\"product_title entry-title\"><span style=\"color: #666666; font-size: 14px;\">Indicado para ritmos como samba, pop, rock, regaee, MPB\u2026 Possui um visual diferenciado e sua sonoridade \u00e9 mais aberta. Confeccionado com tubo de alum\u00ednio polido medindo 38mm de di\u00e2metro x 160 mm de comprimento.<\/span><\/h1>\n<div class=\"rating_and_social_holder\">\n<div class=\"product_average_rating\">\n<div class=\"rank_steam inactive\">\n<div class=\"csingle\"><\/div>\n<\/div>\n<div class=\"rank_steam inactive\">\n<div class=\"csingle\"><\/div>\n<\/div>\n<div class=\"rank_steam inactive\">\n<div class=\"csingle\"><\/div>\n<\/div>\n<div class=\"rank_steam inactive\">\n<div class=\"csingle\"><\/div>\n<\/div>\n<div class=\"rank_steam inactive\">\n<div class=\"csingle\"><\/div>\n<\/div>\n<div class=\"clearboth\"><\/div>\n<\/div>\n<\/div>\n","protected":false},"excerpt":{"rendered":"<p><img loading=\"lazy\" class=\"alignnone size-full wp-image-212351\" src=\"https:\/\/doremimusical.com.br\/2019\/wp-content\/uploads\/2019\/09\/Liverpool.png\" alt=\"\" width=\"157\" height=\"41\" srcset=\"https:\/\/doremimusical.com.br\/2019\/wp-content\/uploads\/2019\/09\/Liverpool.png 157w, https:\/\/doremimusical.com.br\/2019\/wp-content\/uploads\/2019\/09\/Liverpool-150x39.png 150w\" sizes=\"(max-width: 157px) 100vw, 157px\" \/><\/p>\n","protected":false},"featured_media":212433,"template":"","meta":{"_et_pb_use_builder":"","_et_pb_old_content":"","_et_gb_content_width":""},"product_cat":[79,176,85,177,146],"product_tag":[],"_links":{"self":[{"href":"https:\/\/doremimusical.com.br\/2019\/wp-json\/wp\/v2\/product\/212432"}],"collection":[{"href":"https:\/\/doremimusical.com.br\/2019\/wp-json\/wp\/v2\/product"}],"about":[{"href":"https:\/\/doremimusical.com.br\/2019\/wp-json\/wp\/v2\/types\/product"}],"wp:featuredmedia":[{"embeddable":true,"href":"https:\/\/doremimusical.com.br\/2019\/wp-json\/wp\/v2\/media\/212433"}],"wp:attachment":[{"href":"https:\/\/doremimusical.com.br\/2019\/wp-json\/wp\/v2\/media?parent=212432"}],"wp:term":[{"taxonomy":"product_cat","embeddable":true,"href":"https:\/\/doremimusical.com.br\/2019\/wp-json\/wp\/v2\/product_cat?post=212432"},{"taxonomy":"product_tag","embeddable":true,"href":"https:\/\/doremimusical.com.br\/2019\/wp-json\/wp\/v2\/product_tag?post=212432"}],"curies":[{"name":"wp","href":"https:\/\/api.w.org\/{rel}","templated":true}]}}