{"id":212421,"date":"2019-09-27T20:31:17","date_gmt":"2019-09-27T20:31:17","guid":{"rendered":"https:\/\/doremimusical.com.br\/2019\/?post_type=product&#038;p=212421"},"modified":"2019-09-27T20:31:17","modified_gmt":"2019-09-27T20:31:17","slug":"rebolo-contemporanea-madeira-conico-50x12-386c","status":"publish","type":"product","link":"https:\/\/doremimusical.com.br\/2019\/produto\/rebolo-contemporanea-madeira-conico-50x12-386c\/","title":{"rendered":"Rebolo Contempor\u00e2nea Madeira C\u00f4nico 50&#215;12 386c"},"content":{"rendered":"<p>&#8211; Rebolo c\u00f4nico 386C<br \/>\n&#8211; 50&#215;12&#8243;;<br \/>\n&#8211; Corpo em madeira verniz natural;<br \/>\n&#8211; Pele corino;<br \/>\n&#8211; 6 Tarraxas de afina\u00e7\u00e3o cromadas;<br \/>\n&#8211; Chave de afina\u00e7\u00e3o;<br \/>\n&#8211; 2 Engates para talabarte.<\/p>\n","protected":false},"excerpt":{"rendered":"<p><img loading=\"lazy\" class=\"alignnone size-full wp-image-212416\" src=\"https:\/\/doremimusical.com.br\/2019\/wp-content\/uploads\/2019\/09\/Contempor\u00e2nea.png\" alt=\"\" width=\"118\" height=\"74\" \/><\/p>\n","protected":false},"featured_media":212419,"template":"","meta":{"_et_pb_use_builder":"","_et_pb_old_content":"","_et_gb_content_width":""},"product_cat":[79,169,85,146,164],"product_tag":[],"_links":{"self":[{"href":"https:\/\/doremimusical.com.br\/2019\/wp-json\/wp\/v2\/product\/212421"}],"collection":[{"href":"https:\/\/doremimusical.com.br\/2019\/wp-json\/wp\/v2\/product"}],"about":[{"href":"https:\/\/doremimusical.com.br\/2019\/wp-json\/wp\/v2\/types\/product"}],"wp:featuredmedia":[{"embeddable":true,"href":"https:\/\/doremimusical.com.br\/2019\/wp-json\/wp\/v2\/media\/212419"}],"wp:attachment":[{"href":"https:\/\/doremimusical.com.br\/2019\/wp-json\/wp\/v2\/media?parent=212421"}],"wp:term":[{"taxonomy":"product_cat","embeddable":true,"href":"https:\/\/doremimusical.com.br\/2019\/wp-json\/wp\/v2\/product_cat?post=212421"},{"taxonomy":"product_tag","embeddable":true,"href":"https:\/\/doremimusical.com.br\/2019\/wp-json\/wp\/v2\/product_tag?post=212421"}],"curies":[{"name":"wp","href":"https:\/\/api.w.org\/{rel}","templated":true}]}}