{"id":212395,"date":"2019-09-27T18:33:08","date_gmt":"2019-09-27T18:33:08","guid":{"rendered":"https:\/\/doremimusical.com.br\/2019\/?post_type=product&#038;p=212395"},"modified":"2019-09-27T18:33:08","modified_gmt":"2019-09-27T18:33:08","slug":"reco-reco-liverpool-3-molas-rr-3mc","status":"publish","type":"product","link":"https:\/\/doremimusical.com.br\/2019\/produto\/reco-reco-liverpool-3-molas-rr-3mc\/","title":{"rendered":"Reco Reco Liverpool 3 Molas RR 3MC"},"content":{"rendered":"<h1 class=\"product_title entry-title\">Reco Reco 3 molas cromado<\/h1>\n<div class=\"price\">\n<div class=\"clearboth\"><\/div>\n<\/div>\n<div>\n<p>Usado no samba e seus derivados, como tamb\u00e9m no frevo, marcha e outros folclores brasileiros e caribenhos, como a bomba porto-riquenha, calipso, soca e ritmos folcl\u00f3ricos colombianos, tamb\u00e9m como efeito sonoro. Este produto \u00e9 produzido em a\u00e7o cromado acompanhado de 3 molas e raspador.<\/p>\n<\/div>\n","protected":false},"excerpt":{"rendered":"<p><img loading=\"lazy\" class=\"alignnone size-full wp-image-212351\" src=\"https:\/\/doremimusical.com.br\/2019\/wp-content\/uploads\/2019\/09\/Liverpool.png\" alt=\"\" width=\"157\" height=\"41\" srcset=\"https:\/\/doremimusical.com.br\/2019\/wp-content\/uploads\/2019\/09\/Liverpool.png 157w, https:\/\/doremimusical.com.br\/2019\/wp-content\/uploads\/2019\/09\/Liverpool-150x39.png 150w\" sizes=\"(max-width: 157px) 100vw, 157px\" \/><\/p>\n","protected":false},"featured_media":212396,"template":"","meta":{"_et_pb_use_builder":"","_et_pb_old_content":"","_et_gb_content_width":""},"product_cat":[79,85,161,146,160],"product_tag":[],"_links":{"self":[{"href":"https:\/\/doremimusical.com.br\/2019\/wp-json\/wp\/v2\/product\/212395"}],"collection":[{"href":"https:\/\/doremimusical.com.br\/2019\/wp-json\/wp\/v2\/product"}],"about":[{"href":"https:\/\/doremimusical.com.br\/2019\/wp-json\/wp\/v2\/types\/product"}],"wp:featuredmedia":[{"embeddable":true,"href":"https:\/\/doremimusical.com.br\/2019\/wp-json\/wp\/v2\/media\/212396"}],"wp:attachment":[{"href":"https:\/\/doremimusical.com.br\/2019\/wp-json\/wp\/v2\/media?parent=212395"}],"wp:term":[{"taxonomy":"product_cat","embeddable":true,"href":"https:\/\/doremimusical.com.br\/2019\/wp-json\/wp\/v2\/product_cat?post=212395"},{"taxonomy":"product_tag","embeddable":true,"href":"https:\/\/doremimusical.com.br\/2019\/wp-json\/wp\/v2\/product_tag?post=212395"}],"curies":[{"name":"wp","href":"https:\/\/api.w.org\/{rel}","templated":true}]}}