{"id":212209,"date":"2019-09-10T17:57:36","date_gmt":"2019-09-10T17:57:36","guid":{"rendered":"https:\/\/doremimusical.com.br\/2019\/?post_type=product&#038;p=212209"},"modified":"2019-09-10T17:57:36","modified_gmt":"2019-09-10T17:57:36","slug":"violino-eagle-ve-441","status":"publish","type":"product","link":"https:\/\/doremimusical.com.br\/2019\/produto\/violino-eagle-ve-441\/","title":{"rendered":"Violino Eagle VE 441"},"content":{"rendered":"<table class=\"TabEspec\">\n<tbody>\n<tr>\n<td>Tampo (Top)<\/td>\n<td><strong>Abeto (Spruce)<\/strong><\/td>\n<\/tr>\n<tr>\n<td>Lateral e Fundo (Back &amp; Side)<\/td>\n<td><strong>Maple<\/strong><\/td>\n<\/tr>\n<tr>\n<td>Bra\u00e7o (Neck)<\/td>\n<td><strong>Maple<\/strong><\/td>\n<\/tr>\n<tr>\n<td>Estandarte<\/td>\n<td><strong>Boxwood<\/strong><\/td>\n<\/tr>\n<tr>\n<td>Cravelhas<\/td>\n<td><strong>Boxwood<\/strong><\/td>\n<\/tr>\n<tr>\n<td>Micro Afina\u00e7\u00e3o<\/td>\n<td><strong>4 Cordas<\/strong><\/td>\n<\/tr>\n<tr>\n<td>Queixeira<\/td>\n<td><strong>Boxwood<\/strong><\/td>\n<\/tr>\n<tr>\n<td>Acabamento (Finish)<\/td>\n<td><strong>Envernizado<\/strong><\/td>\n<\/tr>\n<tr>\n<td>Arco<\/td>\n<td><strong>Madeira com \u201cOlho Paris\u201d e Crina Animal Genu\u00edna<\/strong><\/td>\n<\/tr>\n<tr>\n<td>Estojo T\u00e9rmico (Thermal Case)<\/td>\n<td><strong>Extra Luxo Retangular<\/strong><\/td>\n<\/tr>\n<tr>\n<td>Espelho<\/td>\n<td><strong>\u00c9bano<\/strong><\/td>\n<\/tr>\n<\/tbody>\n<\/table>\n<p>&nbsp;<\/p>\n<div class=\" et_pb_row et_pb_row_3\">\n<div class=\"et_pb_column et_pb_column_4_4  et_pb_column_3\">\n<div class=\"et_pb_text et_pb_module et_pb_bg_layout_light et_pb_text_align_left title-pg et_pb_text_0\">\n<h2><span class=\"ProdNome\">VIOLINO 4\/4<\/span><\/h2>\n<\/div>\n<div class=\"et_pb_text et_pb_module et_pb_bg_layout_light et_pb_text_align_left  et_pb_text_1\">\n<div class=\"DivDescProd\">\n<p class=\"ProdDesc\">Os instrumentos do naipe de cordas Classic Series s\u00e3o constru\u00eddos artesanalmente com madeiras selecionadas, proporcionando uma sonoridade incr\u00edvel. Como principais caracter\u00edsticas da s\u00e9rie, destacamos a excelente ergonomia e o acabamento primoroso. Qualidade aprovada e recomendada pelos melhores profissionais!<\/p>\n<\/div>\n<\/div>\n<\/div>\n<\/div>\n","protected":false},"excerpt":{"rendered":"<p><img loading=\"lazy\" class=\"alignnone size-full wp-image-211806\" src=\"https:\/\/doremimusical.com.br\/2019\/wp-content\/uploads\/2019\/08\/Eagle.png\" alt=\"\" width=\"150\" height=\"52\" \/><\/p>\n","protected":false},"featured_media":212210,"template":"","meta":{"_et_pb_use_builder":"","_et_pb_old_content":"","_et_gb_content_width":""},"product_cat":[79,127,85,124],"product_tag":[],"_links":{"self":[{"href":"https:\/\/doremimusical.com.br\/2019\/wp-json\/wp\/v2\/product\/212209"}],"collection":[{"href":"https:\/\/doremimusical.com.br\/2019\/wp-json\/wp\/v2\/product"}],"about":[{"href":"https:\/\/doremimusical.com.br\/2019\/wp-json\/wp\/v2\/types\/product"}],"wp:featuredmedia":[{"embeddable":true,"href":"https:\/\/doremimusical.com.br\/2019\/wp-json\/wp\/v2\/media\/212210"}],"wp:attachment":[{"href":"https:\/\/doremimusical.com.br\/2019\/wp-json\/wp\/v2\/media?parent=212209"}],"wp:term":[{"taxonomy":"product_cat","embeddable":true,"href":"https:\/\/doremimusical.com.br\/2019\/wp-json\/wp\/v2\/product_cat?post=212209"},{"taxonomy":"product_tag","embeddable":true,"href":"https:\/\/doremimusical.com.br\/2019\/wp-json\/wp\/v2\/product_tag?post=212209"}],"curies":[{"name":"wp","href":"https:\/\/api.w.org\/{rel}","templated":true}]}}