{"id":212207,"date":"2019-09-10T13:03:00","date_gmt":"2019-09-10T13:03:00","guid":{"rendered":"https:\/\/doremimusical.com.br\/2019\/?post_type=product&#038;p=212207"},"modified":"2019-09-10T13:03:00","modified_gmt":"2019-09-10T13:03:00","slug":"violino-eagle-vk-544","status":"publish","type":"product","link":"https:\/\/doremimusical.com.br\/2019\/produto\/violino-eagle-vk-544\/","title":{"rendered":"Violino Eagle VK 544"},"content":{"rendered":"<table class=\"TabEspec\">\n<tbody>\n<tr>\n<td>Tampo (Top)<\/td>\n<td><strong>Abeto Maci\u00e7o (Solid Spruce)<\/strong><\/td>\n<\/tr>\n<tr>\n<td>Lateral e Fundo (Back &amp; Side)<\/td>\n<td><strong>Maple Trabalhado<\/strong><\/td>\n<\/tr>\n<tr>\n<td>Bra\u00e7o (Neck)<\/td>\n<td><strong>Maple<\/strong><\/td>\n<\/tr>\n<tr>\n<td>Micro Afina\u00e7\u00e3o<\/td>\n<td><strong>4 Cordas<\/strong><\/td>\n<\/tr>\n<tr>\n<td>Acabamento (Finish)<\/td>\n<td><strong>Envelhecido<\/strong><\/td>\n<\/tr>\n<tr>\n<td>Estojo T\u00e9rmico (Thermal Case)<\/td>\n<td><strong>Super Luxo Retangular com Higr\u00f4metro<\/strong><\/td>\n<\/tr>\n<tr>\n<td>Acompanha<\/td>\n<td><strong>Espaleira<\/strong><\/td>\n<\/tr>\n<tr>\n<td>Espelho<\/td>\n<td><strong>\u00c9bano<\/strong><\/td>\n<\/tr>\n<tr>\n<td>Queixeira<\/td>\n<td><strong>\u00c9bano<\/strong><\/td>\n<\/tr>\n<tr>\n<td>Estandarte<\/td>\n<td><strong>\u00c9bano com \u201cOlho Paris\u201d<\/strong><\/td>\n<\/tr>\n<tr>\n<td>Cravelhas<\/td>\n<td><strong>\u00c9bano com \u201cOlho Paris\u201d<\/strong><\/td>\n<\/tr>\n<tr>\n<td>Arco<\/td>\n<td><strong>Octogonal com \u201cOlho Paris\u201d e crina animal genu\u00edna<\/strong><\/td>\n<\/tr>\n<\/tbody>\n<\/table>\n<p>&nbsp;<\/p>\n<div class=\"et_pb_text et_pb_module et_pb_bg_layout_light et_pb_text_align_left title-pg et_pb_text_0\">\n<h2><span class=\"ProdNome\">VIOLINO 4\/4<\/span><\/h2>\n<\/div>\n<div class=\"et_pb_text et_pb_module et_pb_bg_layout_light et_pb_text_align_left  et_pb_text_1\">\n<p>O VK 544 \u00e9 um violino cl\u00e1ssico profissional constru\u00eddo com madeiras nobres para oferecer uma experi\u00eancia \u00fanica. Este modelo \u00e9 constru\u00eddo artesanalmente e tem como principais atributos seu tampo de Spruce Maci\u00e7o selecionado, lateral e fundo de Maple Maci\u00e7o trabalhado, seu arco profissional e seus outros componentes de \u00c9bano selecionado. As madeiras com acabamento envelhecido lhe conferem um bel\u00edssimo visual e uma sonoridade impressionante. E para conservar e prolongar sua vida \u00fatil, o VK 544 \u00e9 acompanhado de um luxuoso estojo retangular com higr\u00f4metro que lhe garante um perfeito acondicionamento. Confira!<\/p>\n<\/div>\n","protected":false},"excerpt":{"rendered":"<p><img loading=\"lazy\" class=\"alignnone size-full wp-image-211806\" src=\"https:\/\/doremimusical.com.br\/2019\/wp-content\/uploads\/2019\/08\/Eagle.png\" alt=\"\" width=\"150\" height=\"52\" \/><\/p>\n","protected":false},"featured_media":212208,"template":"","meta":{"_et_pb_use_builder":"","_et_pb_old_content":"","_et_gb_content_width":""},"product_cat":[79,127,85,124],"product_tag":[],"_links":{"self":[{"href":"https:\/\/doremimusical.com.br\/2019\/wp-json\/wp\/v2\/product\/212207"}],"collection":[{"href":"https:\/\/doremimusical.com.br\/2019\/wp-json\/wp\/v2\/product"}],"about":[{"href":"https:\/\/doremimusical.com.br\/2019\/wp-json\/wp\/v2\/types\/product"}],"wp:featuredmedia":[{"embeddable":true,"href":"https:\/\/doremimusical.com.br\/2019\/wp-json\/wp\/v2\/media\/212208"}],"wp:attachment":[{"href":"https:\/\/doremimusical.com.br\/2019\/wp-json\/wp\/v2\/media?parent=212207"}],"wp:term":[{"taxonomy":"product_cat","embeddable":true,"href":"https:\/\/doremimusical.com.br\/2019\/wp-json\/wp\/v2\/product_cat?post=212207"},{"taxonomy":"product_tag","embeddable":true,"href":"https:\/\/doremimusical.com.br\/2019\/wp-json\/wp\/v2\/product_tag?post=212207"}],"curies":[{"name":"wp","href":"https:\/\/api.w.org\/{rel}","templated":true}]}}