{"id":212188,"date":"2019-09-09T17:03:50","date_gmt":"2019-09-09T17:03:50","guid":{"rendered":"https:\/\/doremimusical.com.br\/2019\/?post_type=product&#038;p=212188"},"modified":"2019-09-09T17:03:50","modified_gmt":"2019-09-09T17:03:50","slug":"contrabaixo-epiphone-viola-bass-vintage","status":"publish","type":"product","link":"https:\/\/doremimusical.com.br\/2019\/produto\/contrabaixo-epiphone-viola-bass-vintage\/","title":{"rendered":"Contrabaixo Epiphone Viola Bass Vintage"},"content":{"rendered":"<p>Descri\u00e7\u00e3o:<\/p>\n<p>Este veterano da invas\u00e3o brit\u00e2nica est\u00e1 de volta com seu estilo vintage \u00fanico! Seu timbre grave e macio \u00e9 resultado da jun\u00e7\u00e3o de seu corpo em Maple Laminado , seu bra\u00e7o em Set-Maple e o tampo elegante em Flame Top. Possui dois captadores Mini-Humbuckers e outros atributos como ponte flutuante em Rosewood com Tailpiece trapezoidal, 2 bot\u00f5es de volume, 1 bot\u00e3o de tone, ferragens cormadas e acabamento em Vintage Sunburst.<\/p>\n<p>Especifica\u00e7\u00e3o:<\/p>\n<p>-Captadores: NYR &amp; NYT Mini Humbuckers<br \/>\n-Ferragens: Cromadas<br \/>\n-Madeira do Bra\u00e7o: Set, Maple<br \/>\n-Marca\u00e7\u00e3o: Rosewood Dot<br \/>\n-Madeira do Corpo: B\/H<br \/>\n-Tampo: Maple Laminado<\/p>\n","protected":false},"excerpt":{"rendered":"<p><img loading=\"lazy\" class=\"alignnone  wp-image-212108\" src=\"https:\/\/doremimusical.com.br\/2019\/wp-content\/uploads\/2019\/09\/Epiphone-300x101.png\" alt=\"\" width=\"154\" height=\"52\" srcset=\"https:\/\/doremimusical.com.br\/2019\/wp-content\/uploads\/2019\/09\/Epiphone-300x101.png 300w, https:\/\/doremimusical.com.br\/2019\/wp-content\/uploads\/2019\/09\/Epiphone-150x50.png 150w, https:\/\/doremimusical.com.br\/2019\/wp-content\/uploads\/2019\/09\/Epiphone.png 388w\" sizes=\"(max-width: 154px) 100vw, 154px\" \/><\/p>\n","protected":false},"featured_media":212189,"template":"","meta":{"_et_pb_use_builder":"","_et_pb_old_content":"","_et_gb_content_width":""},"product_cat":[79,114,117,85],"product_tag":[],"_links":{"self":[{"href":"https:\/\/doremimusical.com.br\/2019\/wp-json\/wp\/v2\/product\/212188"}],"collection":[{"href":"https:\/\/doremimusical.com.br\/2019\/wp-json\/wp\/v2\/product"}],"about":[{"href":"https:\/\/doremimusical.com.br\/2019\/wp-json\/wp\/v2\/types\/product"}],"wp:featuredmedia":[{"embeddable":true,"href":"https:\/\/doremimusical.com.br\/2019\/wp-json\/wp\/v2\/media\/212189"}],"wp:attachment":[{"href":"https:\/\/doremimusical.com.br\/2019\/wp-json\/wp\/v2\/media?parent=212188"}],"wp:term":[{"taxonomy":"product_cat","embeddable":true,"href":"https:\/\/doremimusical.com.br\/2019\/wp-json\/wp\/v2\/product_cat?post=212188"},{"taxonomy":"product_tag","embeddable":true,"href":"https:\/\/doremimusical.com.br\/2019\/wp-json\/wp\/v2\/product_tag?post=212188"}],"curies":[{"name":"wp","href":"https:\/\/api.w.org\/{rel}","templated":true}]}}