{"id":212186,"date":"2019-09-09T16:54:41","date_gmt":"2019-09-09T16:54:41","guid":{"rendered":"https:\/\/doremimusical.com.br\/2019\/?post_type=product&#038;p=212186"},"modified":"2019-09-09T16:54:42","modified_gmt":"2019-09-09T16:54:42","slug":"contrabaixo-epiphone-eb-3-sg-bass-cherry","status":"publish","type":"product","link":"https:\/\/doremimusical.com.br\/2019\/produto\/contrabaixo-epiphone-eb-3-sg-bass-cherry\/","title":{"rendered":"Contrabaixo Epiphone EB-3 SG Bass Cherry"},"content":{"rendered":"<div class=\"col-content \">\n<article>\n<div class=\"content\">\n<div class=\"content-text\">\n<ul>\n<li><b>Modelo:\u00a0<\/b>EB-3 SG Bass<\/li>\n<li><strong>Ferragens:<\/strong>\u00a0Cromadas<\/li>\n<li><strong>Madeira do Corpo:<\/strong>\u00a0Mogno<\/li>\n<li><strong>Madeira do Bra\u00e7o:<\/strong>\u00a0Mogno<\/li>\n<li><strong>Escala:<\/strong>\u00a0Rosewood<\/li>\n<li><strong>Trastes:<\/strong>\u00a022<\/li>\n<li><strong>Marca\u00e7\u00e3o:<\/strong>\u00a0Rosewood \u2013 Trap\u00e9zio<\/li>\n<li><strong>Captadores:<\/strong>\u00a0Sidewinder\/NYT Bass Mini<\/li>\n<li><strong>Ponte:\u00a0<\/strong>Ponte de 3 Pontos Ajust\u00e1vel<\/li>\n<\/ul>\n<h2>Descri\u00e7\u00e3o<\/h2>\n<p>O Epiphone EB-3 \u00e9 um baixo com o cl\u00e1ssico formato da guitarra SG com bra\u00e7o de longa escala para obter um \u00f3timo sustain e \u00f3timo timbre, equipado por um Humbucker Sidewinder no bra\u00e7o e um Mini-Humbucker de baixo na ponte, para maior versatilidade e vibra\u00e7\u00e3o.<\/p>\n<\/div>\n<\/div>\n<\/article>\n<\/div>\n<section class=\"col-sidebar\"><\/section>\n","protected":false},"excerpt":{"rendered":"<p><img loading=\"lazy\" class=\"alignnone  wp-image-212108\" src=\"https:\/\/doremimusical.com.br\/2019\/wp-content\/uploads\/2019\/09\/Epiphone-300x101.png\" alt=\"\" width=\"151\" height=\"51\" srcset=\"https:\/\/doremimusical.com.br\/2019\/wp-content\/uploads\/2019\/09\/Epiphone-300x101.png 300w, https:\/\/doremimusical.com.br\/2019\/wp-content\/uploads\/2019\/09\/Epiphone-150x50.png 150w, https:\/\/doremimusical.com.br\/2019\/wp-content\/uploads\/2019\/09\/Epiphone.png 388w\" sizes=\"(max-width: 151px) 100vw, 151px\" \/><\/p>\n","protected":false},"featured_media":212187,"template":"","meta":{"_et_pb_use_builder":"","_et_pb_old_content":"","_et_gb_content_width":""},"product_cat":[79,114,117,85],"product_tag":[],"_links":{"self":[{"href":"https:\/\/doremimusical.com.br\/2019\/wp-json\/wp\/v2\/product\/212186"}],"collection":[{"href":"https:\/\/doremimusical.com.br\/2019\/wp-json\/wp\/v2\/product"}],"about":[{"href":"https:\/\/doremimusical.com.br\/2019\/wp-json\/wp\/v2\/types\/product"}],"wp:featuredmedia":[{"embeddable":true,"href":"https:\/\/doremimusical.com.br\/2019\/wp-json\/wp\/v2\/media\/212187"}],"wp:attachment":[{"href":"https:\/\/doremimusical.com.br\/2019\/wp-json\/wp\/v2\/media?parent=212186"}],"wp:term":[{"taxonomy":"product_cat","embeddable":true,"href":"https:\/\/doremimusical.com.br\/2019\/wp-json\/wp\/v2\/product_cat?post=212186"},{"taxonomy":"product_tag","embeddable":true,"href":"https:\/\/doremimusical.com.br\/2019\/wp-json\/wp\/v2\/product_tag?post=212186"}],"curies":[{"name":"wp","href":"https:\/\/api.w.org\/{rel}","templated":true}]}}