{"id":212151,"date":"2019-09-09T14:52:37","date_gmt":"2019-09-09T14:52:37","guid":{"rendered":"https:\/\/doremimusical.com.br\/2019\/?post_type=product&#038;p=212151"},"modified":"2019-09-09T14:52:37","modified_gmt":"2019-09-09T14:52:37","slug":"viola-hofma-hbg-360","status":"publish","type":"product","link":"https:\/\/doremimusical.com.br\/2019\/produto\/viola-hofma-hbg-360\/","title":{"rendered":"Viola Hofma HBG 360"},"content":{"rendered":"<div class=\"et_pb_text et_pb_module et_pb_bg_layout_light et_pb_text_align_left title-pg et_pb_text_0\">\n<h2>A VIOLA \u201cABEN\u00c7OADA\u201d<\/h2>\n<\/div>\n<div class=\"et_pb_text et_pb_module et_pb_bg_layout_light et_pb_text_align_left  et_pb_text_1\">\n<p>A marca brasileira Hofma tem o prazer de apresentar o lan\u00e7amento de duas s\u00e9ries de violas brasileiras: S\u00e9rie Rio Acima e S\u00e9rie Rio Abaixo. A escolha desses nomes \u00e9 uma homenagem \u00e0 criatividade do nosso violeiro, que conta \u201ccausos\u201d e mant\u00e9m vivo nosso rico folclore. Neste universo, onde o sagrado e o profano se encontram \u2013 e s\u00e3o reconhecidos como o complemento do outro \u2013 oferecemos duas op\u00e7\u00f5es, cinturada e tradicional.<\/p>\n<\/div>\n<p>&nbsp;<\/p>\n<h2 style=\"text-align: left;\">Hofma HD5S<\/h2>\n<p>Quem busca praticidade, encontra em HD5S. Um verdadeiro circuito ativo completo desenvolvido pela Hofma com equalizador 5 bandas, afinador digital com display retroiluminado e duas sa\u00eddas, P10 e XLR (Canon) balanceada.<\/p>\n<p><img loading=\"lazy\" class=\"alignnone size-medium wp-image-212154\" src=\"https:\/\/doremimusical.com.br\/2019\/wp-content\/uploads\/2019\/09\/Hofma-HD5S-Equalizador-300x300.png\" alt=\"\" width=\"300\" height=\"300\" srcset=\"https:\/\/doremimusical.com.br\/2019\/wp-content\/uploads\/2019\/09\/Hofma-HD5S-Equalizador-300x300.png 300w, https:\/\/doremimusical.com.br\/2019\/wp-content\/uploads\/2019\/09\/Hofma-HD5S-Equalizador-400x400.png 400w, https:\/\/doremimusical.com.br\/2019\/wp-content\/uploads\/2019\/09\/Hofma-HD5S-Equalizador-100x100.png 100w, https:\/\/doremimusical.com.br\/2019\/wp-content\/uploads\/2019\/09\/Hofma-HD5S-Equalizador-510x510.png 510w, https:\/\/doremimusical.com.br\/2019\/wp-content\/uploads\/2019\/09\/Hofma-HD5S-Equalizador-150x150.png 150w, https:\/\/doremimusical.com.br\/2019\/wp-content\/uploads\/2019\/09\/Hofma-HD5S-Equalizador-768x768.png 768w, https:\/\/doremimusical.com.br\/2019\/wp-content\/uploads\/2019\/09\/Hofma-HD5S-Equalizador.png 900w\" sizes=\"(max-width: 300px) 100vw, 300px\" \/><\/p>\n<p>Tampo (Top) <strong>Abeto Sitka Maci\u00e7o (Solid Sitka Spruce)<\/strong><\/p>\n<p>Lateral e Fundo (Back &amp; Side) <strong>Mogno (Mahogany)<\/strong><\/p>\n<p>Bra\u00e7o (Neck) <strong>Mogno Oriental (Mahogany)<\/strong><\/p>\n<p>Trastes <strong>20 em alpaca<\/strong><\/p>\n<p>Tarraxas <strong>Douradas<\/strong><\/p>\n<p>Escala e Cavalete (Fingerboard &amp; Bridge) <strong>Jacarand\u00e1 Indiano<\/strong><\/p>\n<p>Sistema de capta\u00e7\u00e3o (Pickup &amp; Preamp) <strong>Hofma AUDISYS<\/strong><\/p>\n<p>&nbsp;<\/p>\n<p>&nbsp;<\/p>\n","protected":false},"excerpt":{"rendered":"<p>Com Equalizador<\/p>\n<p><img loading=\"lazy\" class=\"alignnone size-full wp-image-211973\" src=\"https:\/\/doremimusical.com.br\/2019\/wp-content\/uploads\/2019\/08\/Hofma.png\" alt=\"\" width=\"103\" height=\"58\" \/><\/p>\n","protected":false},"featured_media":212152,"template":"","meta":{"_et_pb_use_builder":"","_et_pb_old_content":"","_et_gb_content_width":""},"product_cat":[79,113,85,110],"product_tag":[],"_links":{"self":[{"href":"https:\/\/doremimusical.com.br\/2019\/wp-json\/wp\/v2\/product\/212151"}],"collection":[{"href":"https:\/\/doremimusical.com.br\/2019\/wp-json\/wp\/v2\/product"}],"about":[{"href":"https:\/\/doremimusical.com.br\/2019\/wp-json\/wp\/v2\/types\/product"}],"wp:featuredmedia":[{"embeddable":true,"href":"https:\/\/doremimusical.com.br\/2019\/wp-json\/wp\/v2\/media\/212152"}],"wp:attachment":[{"href":"https:\/\/doremimusical.com.br\/2019\/wp-json\/wp\/v2\/media?parent=212151"}],"wp:term":[{"taxonomy":"product_cat","embeddable":true,"href":"https:\/\/doremimusical.com.br\/2019\/wp-json\/wp\/v2\/product_cat?post=212151"},{"taxonomy":"product_tag","embeddable":true,"href":"https:\/\/doremimusical.com.br\/2019\/wp-json\/wp\/v2\/product_tag?post=212151"}],"curies":[{"name":"wp","href":"https:\/\/api.w.org\/{rel}","templated":true}]}}