{"id":212071,"date":"2019-08-27T21:26:52","date_gmt":"2019-08-27T21:26:52","guid":{"rendered":"https:\/\/doremimusical.com.br\/2019\/?post_type=product&#038;p=212071"},"modified":"2019-08-27T21:26:53","modified_gmt":"2019-08-27T21:26:53","slug":"guitarra-tagima-mg-230","status":"publish","type":"product","link":"https:\/\/doremimusical.com.br\/2019\/produto\/guitarra-tagima-mg-230\/","title":{"rendered":"Guitarra Tagima MG-230"},"content":{"rendered":"<p><strong>CORPO:\u00a0<\/strong>Basswood com filete em madeira natural<\/p>\n<p><strong>BRA\u00c7O:\u00a0<\/strong>Maple<\/p>\n<p><strong>ESCALA:\u00a0<\/strong>Technical wood \/ Blackwood \/ Rosewood com 24 trastes e marca\u00e7\u00f5es em acr\u00edlico<\/p>\n<p><strong>NUT (CAPO TRASTE):\u00a0<\/strong>43 mm<\/p>\n<p><strong>CAPTADORES:\u00a0<\/strong>2 Single (bra\u00e7o e meio), 1 Humbucker (ponte)<\/p>\n<p><strong>CONTROLES:\u00a0<\/strong>Chave de 5 posi\u00e7\u00f5es, 1 controle de volume, 1 de tonalidade<\/p>\n<p><strong>PONTE:\u00a0<\/strong>Tremolo Standard cromada<\/p>\n<p><strong>TARRAXAS:\u00a0<\/strong>Cromadas e blindadas<\/p>\n<p><strong>CORES:\u00a0<\/strong>Sunburst, Preto, Vermelho met\u00e1lico, Azul met\u00e1lico, Natural, Preto Transparente<\/p>\n<p><strong>VERS\u00c3O PARA CANHOTOS?\u00a0<\/strong>N\u00e3o<\/p>\n<p>*Acompanha cabo P10 &#8211; 3 metros<br \/>\n**N\u00e3o acompanha case<\/p>\n","protected":false},"excerpt":{"rendered":"<p><img loading=\"lazy\" class=\"alignnone size-full wp-image-211852\" src=\"https:\/\/doremimusical.com.br\/2019\/wp-content\/uploads\/2019\/08\/Tagima.png\" alt=\"\" width=\"155\" height=\"74\" srcset=\"https:\/\/doremimusical.com.br\/2019\/wp-content\/uploads\/2019\/08\/Tagima.png 155w, https:\/\/doremimusical.com.br\/2019\/wp-content\/uploads\/2019\/08\/Tagima-150x72.png 150w\" sizes=\"(max-width: 155px) 100vw, 155px\" \/><\/p>\n","protected":false},"featured_media":212076,"template":"","meta":{"_et_pb_use_builder":"","_et_pb_old_content":"","_et_gb_content_width":""},"product_cat":[79,102,85,104],"product_tag":[],"_links":{"self":[{"href":"https:\/\/doremimusical.com.br\/2019\/wp-json\/wp\/v2\/product\/212071"}],"collection":[{"href":"https:\/\/doremimusical.com.br\/2019\/wp-json\/wp\/v2\/product"}],"about":[{"href":"https:\/\/doremimusical.com.br\/2019\/wp-json\/wp\/v2\/types\/product"}],"wp:featuredmedia":[{"embeddable":true,"href":"https:\/\/doremimusical.com.br\/2019\/wp-json\/wp\/v2\/media\/212076"}],"wp:attachment":[{"href":"https:\/\/doremimusical.com.br\/2019\/wp-json\/wp\/v2\/media?parent=212071"}],"wp:term":[{"taxonomy":"product_cat","embeddable":true,"href":"https:\/\/doremimusical.com.br\/2019\/wp-json\/wp\/v2\/product_cat?post=212071"},{"taxonomy":"product_tag","embeddable":true,"href":"https:\/\/doremimusical.com.br\/2019\/wp-json\/wp\/v2\/product_tag?post=212071"}],"curies":[{"name":"wp","href":"https:\/\/api.w.org\/{rel}","templated":true}]}}