{"id":212010,"date":"2019-08-14T23:15:23","date_gmt":"2019-08-14T23:15:23","guid":{"rendered":"https:\/\/doremimusical.com.br\/2019\/?post_type=product&#038;p=212010"},"modified":"2019-08-14T23:15:23","modified_gmt":"2019-08-14T23:15:23","slug":"violao-hofma-ye-223-aco","status":"publish","type":"product","link":"https:\/\/doremimusical.com.br\/2019\/produto\/violao-hofma-ye-223-aco\/","title":{"rendered":"Viol\u00e3o Hofma YE 223 A\u00e7o"},"content":{"rendered":"<table class=\"TabEspec\">\n<tbody>\n<tr>\n<td>Tampo (Top)<\/td>\n<td><strong>Abeto (Spruce)<\/strong><\/td>\n<\/tr>\n<tr>\n<td>Lateral e Fundo (Back &amp; Side)<\/td>\n<td><strong>Sapele<\/strong><\/td>\n<\/tr>\n<tr>\n<td>Escala e Cavalete (Fingerboard &amp; Bridge)<\/td>\n<td><strong>Jacarand\u00e1 (Rosewood)<\/strong><\/td>\n<\/tr>\n<tr>\n<td>Bra\u00e7o (Neck)<\/td>\n<td><strong>Mogno Oriental (Nato)<\/strong><\/td>\n<\/tr>\n<tr>\n<td>Roseta (Rosette)<\/td>\n<td><strong>Abalone<\/strong><\/td>\n<\/tr>\n<tr>\n<td>Trastes (Frets)<\/td>\n<td><strong>20 em Alpaca<\/strong><\/td>\n<\/tr>\n<tr>\n<td>Tarraxas (Tuning Machines)<\/td>\n<td><strong>Die-cast Cromadas<\/strong><\/td>\n<\/tr>\n<tr>\n<td>Cordas (Strings)<\/td>\n<td><strong>A\u00e7o D\u2019Addario<\/strong><\/td>\n<\/tr>\n<tr>\n<td>Sistema de capta\u00e7\u00e3o (Pickup &amp; Preamp)<\/td>\n<td><strong>Piezo<\/strong><\/td>\n<\/tr>\n<tr>\n<td>Equalizador<\/td>\n<td><strong>Hofma AUDISYS<\/strong><\/td>\n<\/tr>\n<tr>\n<td>Marca\u00e7\u00e3o (Inlay)<\/td>\n<td><strong>Bolinhas Brancas<\/strong><\/td>\n<\/tr>\n<tr>\n<td>Acabamento (Finish)<\/td>\n<td><strong>Verniz Brilhante<\/strong><\/td>\n<\/tr>\n<\/tbody>\n<\/table>\n<p>Para quem adora rock, blues, country e sertanejo, o YE223 aparece como uma excelente op\u00e7\u00e3o. O modelo jumbo tem bastante volume e um visual muito atraente. Destaque para a sua roseta confeccionada em abalone. Possui circuito de capta\u00e7\u00e3o ativo equipado com equalizador de 5 bandas e um pr\u00e1tico afinador digital com visor de LCD para garantir o melhor som plugado.<\/p>\n","protected":false},"excerpt":{"rendered":"<p>Com Equalizador<\/p>\n<p><img loading=\"lazy\" class=\"alignnone size-full wp-image-211973\" src=\"https:\/\/doremimusical.com.br\/2019\/wp-content\/uploads\/2019\/08\/Hofma.png\" alt=\"\" width=\"103\" height=\"58\" \/><\/p>\n","protected":false},"featured_media":212012,"template":"","meta":{"_et_pb_use_builder":"","_et_pb_old_content":"","_et_gb_content_width":""},"product_cat":[79,100,85,86],"product_tag":[],"_links":{"self":[{"href":"https:\/\/doremimusical.com.br\/2019\/wp-json\/wp\/v2\/product\/212010"}],"collection":[{"href":"https:\/\/doremimusical.com.br\/2019\/wp-json\/wp\/v2\/product"}],"about":[{"href":"https:\/\/doremimusical.com.br\/2019\/wp-json\/wp\/v2\/types\/product"}],"wp:featuredmedia":[{"embeddable":true,"href":"https:\/\/doremimusical.com.br\/2019\/wp-json\/wp\/v2\/media\/212012"}],"wp:attachment":[{"href":"https:\/\/doremimusical.com.br\/2019\/wp-json\/wp\/v2\/media?parent=212010"}],"wp:term":[{"taxonomy":"product_cat","embeddable":true,"href":"https:\/\/doremimusical.com.br\/2019\/wp-json\/wp\/v2\/product_cat?post=212010"},{"taxonomy":"product_tag","embeddable":true,"href":"https:\/\/doremimusical.com.br\/2019\/wp-json\/wp\/v2\/product_tag?post=212010"}],"curies":[{"name":"wp","href":"https:\/\/api.w.org\/{rel}","templated":true}]}}