{"id":211912,"date":"2019-08-07T15:46:49","date_gmt":"2019-08-07T15:46:49","guid":{"rendered":"https:\/\/doremimusical.com.br\/2019\/?post_type=product&#038;p=211912"},"modified":"2019-08-07T15:47:18","modified_gmt":"2019-08-07T15:47:18","slug":"violao-fender-cd-60-aco","status":"publish","type":"product","link":"https:\/\/doremimusical.com.br\/2019\/produto\/violao-fender-cd-60-aco\/","title":{"rendered":"Viol\u00e3o Fender CD-60 CE A\u00e7o"},"content":{"rendered":"<p>&#8211; Viol\u00e3o eletroac\u00fastico &#8211; 6 cordas de a\u00e7o<br \/>\n&#8211; Estilo Dreadnought<br \/>\n&#8211; Capta\u00e7\u00e3o Fishman Isys III (ativa)<br \/>\n&#8211; Controles: Volume, Grave, M\u00e9dio &amp; Agudo<br \/>\n&#8211; Afinador embutido<br \/>\n&#8211; Tampo em Spruce (com acabamento brilhante)<br \/>\n&#8211; Escudo maci\u00e7o preto (1ply)<br \/>\n&#8211; Fundo e faixas laterais em Nato<br \/>\n&#8211; Bra\u00e7o em Nato<br \/>\n&#8211; Comprimento da escala: 643mm<br \/>\n&#8211; Largura do Nut: 42,9mm<br \/>\n&#8211; Escala em Sonokeling com 20 trastes<br \/>\n&#8211; Ponte em rosewood<br \/>\n&#8211; Hardware cromado<br \/>\n&#8211; Tarraxas Die-Cast cromadas<br \/>\n&#8211; Case hard-shell<br \/>\n&#8211; Cordas: Fender\u00ae Dura-Tone\u00ae 880L (.012-.052)<\/p>\n<p>O Viol\u00e3o CD-60 eletroac\u00fastico estilo dreadnought oferece muita qualidade em sua sonoridade. Com um primoroso acabamento Natural, o instrumento vem acompanhado de um case &#8220;hard-shell&#8221;. O CD-60 combina o tampo em Spruce laminado, com laterais e fundo em Nato, para uma rica e encorpada sonoridade.<\/p>\n","protected":false},"excerpt":{"rendered":"<p>Com Equalizador<\/p>\n<p><img loading=\"lazy\" class=\"alignnone size-full wp-image-211906\" src=\"https:\/\/doremimusical.com.br\/2019\/wp-content\/uploads\/2019\/08\/Fender.png\" alt=\"\" width=\"154\" height=\"57\" srcset=\"https:\/\/doremimusical.com.br\/2019\/wp-content\/uploads\/2019\/08\/Fender.png 154w, https:\/\/doremimusical.com.br\/2019\/wp-content\/uploads\/2019\/08\/Fender-150x56.png 150w\" sizes=\"(max-width: 154px) 100vw, 154px\" \/><\/p>\n","protected":false},"featured_media":211913,"template":"","meta":{"_et_pb_use_builder":"","_et_pb_old_content":"","_et_gb_content_width":""},"product_cat":[79,98,85,86],"product_tag":[],"_links":{"self":[{"href":"https:\/\/doremimusical.com.br\/2019\/wp-json\/wp\/v2\/product\/211912"}],"collection":[{"href":"https:\/\/doremimusical.com.br\/2019\/wp-json\/wp\/v2\/product"}],"about":[{"href":"https:\/\/doremimusical.com.br\/2019\/wp-json\/wp\/v2\/types\/product"}],"wp:featuredmedia":[{"embeddable":true,"href":"https:\/\/doremimusical.com.br\/2019\/wp-json\/wp\/v2\/media\/211913"}],"wp:attachment":[{"href":"https:\/\/doremimusical.com.br\/2019\/wp-json\/wp\/v2\/media?parent=211912"}],"wp:term":[{"taxonomy":"product_cat","embeddable":true,"href":"https:\/\/doremimusical.com.br\/2019\/wp-json\/wp\/v2\/product_cat?post=211912"},{"taxonomy":"product_tag","embeddable":true,"href":"https:\/\/doremimusical.com.br\/2019\/wp-json\/wp\/v2\/product_tag?post=211912"}],"curies":[{"name":"wp","href":"https:\/\/api.w.org\/{rel}","templated":true}]}}