{"id":211905,"date":"2019-08-07T15:32:14","date_gmt":"2019-08-07T15:32:14","guid":{"rendered":"https:\/\/doremimusical.com.br\/2019\/?post_type=product&#038;p=211905"},"modified":"2019-08-07T15:42:57","modified_gmt":"2019-08-07T15:42:57","slug":"violao-fender-cd-60-sce-aco","status":"publish","type":"product","link":"https:\/\/doremimusical.com.br\/2019\/produto\/violao-fender-cd-60-sce-aco\/","title":{"rendered":"Viol\u00e3o Fender CD-60 SCE A\u00e7o"},"content":{"rendered":"<p>&#8211; Viol\u00e3o eletroac\u00fastico<br \/>\n&#8211; 6 cordas de a\u00e7o<br \/>\n&#8211; Estilo Dreadnought<br \/>\n&#8211; Capta\u00e7\u00e3o Fishman CD ativa<br \/>\n&#8211; Controles: Volume, Grave &amp; Agudo<br \/>\n&#8211; Afinador embutido<br \/>\n&#8211; Tampo maci\u00e7o em Spruce (acabamento brilhante)<br \/>\n&#8211; Roseta em abalone<br \/>\n&#8211; Escudo maci\u00e7o preto (1ply)<br \/>\n&#8211; Fundo e faixas laterais em Nato<br \/>\n&#8211; Bra\u00e7o em Mahogany<br \/>\n&#8211; Comprimento da escala: 25,30&#8243; (643mm)<br \/>\n&#8211; Largura do Nut: 1,69&#8243; (43mm)<br \/>\n&#8211; Escala em Rosewood com 20 trastes<br \/>\n&#8211; Ponte em rosewood<br \/>\n&#8211; Hardware cromado; Tarraxas Die-Cast cromadas<br \/>\n&#8211; Cordas: Fender\u00ae Dura-Tone\u00ae Coated 80\/20 Bronze (.012-.052)<\/p>\n<p>O consagrado modelo CD-60 ficou ainda melhor. Novo viol\u00e3o Fender CD-60 SCE Classic Design Series eletroac\u00fastico com tampo maci\u00e7o em spruce, fundo e lados em mahogany e exclusivo sistema de capta\u00e7\u00e3o Fishman.<\/p>\n","protected":false},"excerpt":{"rendered":"<p>Com Equalizador<\/p>\n<p><img loading=\"lazy\" class=\"alignnone size-full wp-image-211906\" src=\"https:\/\/doremimusical.com.br\/2019\/wp-content\/uploads\/2019\/08\/Fender.png\" alt=\"\" width=\"154\" height=\"57\" srcset=\"https:\/\/doremimusical.com.br\/2019\/wp-content\/uploads\/2019\/08\/Fender.png 154w, https:\/\/doremimusical.com.br\/2019\/wp-content\/uploads\/2019\/08\/Fender-150x56.png 150w\" sizes=\"(max-width: 154px) 100vw, 154px\" \/><\/p>\n","protected":false},"featured_media":211907,"template":"","meta":{"_et_pb_use_builder":"","_et_pb_old_content":"","_et_gb_content_width":""},"product_cat":[79,98,85,86],"product_tag":[],"_links":{"self":[{"href":"https:\/\/doremimusical.com.br\/2019\/wp-json\/wp\/v2\/product\/211905"}],"collection":[{"href":"https:\/\/doremimusical.com.br\/2019\/wp-json\/wp\/v2\/product"}],"about":[{"href":"https:\/\/doremimusical.com.br\/2019\/wp-json\/wp\/v2\/types\/product"}],"wp:featuredmedia":[{"embeddable":true,"href":"https:\/\/doremimusical.com.br\/2019\/wp-json\/wp\/v2\/media\/211907"}],"wp:attachment":[{"href":"https:\/\/doremimusical.com.br\/2019\/wp-json\/wp\/v2\/media?parent=211905"}],"wp:term":[{"taxonomy":"product_cat","embeddable":true,"href":"https:\/\/doremimusical.com.br\/2019\/wp-json\/wp\/v2\/product_cat?post=211905"},{"taxonomy":"product_tag","embeddable":true,"href":"https:\/\/doremimusical.com.br\/2019\/wp-json\/wp\/v2\/product_tag?post=211905"}],"curies":[{"name":"wp","href":"https:\/\/api.w.org\/{rel}","templated":true}]}}