{"id":211762,"date":"2019-07-16T13:10:18","date_gmt":"2019-07-16T13:10:18","guid":{"rendered":"https:\/\/doremimusical.com.br\/2019\/?post_type=product&#038;p=211762"},"modified":"2019-07-16T13:10:18","modified_gmt":"2019-07-16T13:10:18","slug":"violao-takamine-eg321c-aco","status":"publish","type":"product","link":"https:\/\/doremimusical.com.br\/2019\/produto\/violao-takamine-eg321c-aco\/","title":{"rendered":"Viol\u00e3o Takamine EG321C A\u00e7o"},"content":{"rendered":"<p>O Viol\u00e3o A\u00e7o El\u00e9trico EG321C Folk TAKAMINE \u00e9 um viol\u00e3o de alta qualidade, assinado por uma das maiores marcas de viol\u00f5es da atualidade.<\/p>\n<p>Este viol\u00e3o pertence a s\u00e9rie G da TAKAMINE, ele foi desenvolvido com especifica\u00e7\u00f5es rigorosas, com madeiras selecionadas e contru\u00e7\u00e3o de alta qualidade.<\/p>\n<p>O EG321C TAKAMINE \u00e9 um viol\u00e3o folk com abertura cutaway, para facilitar o acesso 21\u00ba casa. Ele \u00e9 ideal para m\u00fasicos que pretendem cantar e tocar ao mesmo tempo, porque apesar dele ser folk, o EG321C \u00e9 mais leve do que outros modelos da linha folk da TAKAMINE, e al\u00e9m disso ele \u00e9 ideal para base, por possuir um som gordo, encorpado e com muito sustain.<\/p>\n<p>Este viol\u00e3o \u00e9 um dos modelos mais acess\u00edveis da TAKAMINE. O Viol\u00e3o A\u00e7o El\u00e9trico EG321C Folk \u00e9 um viol\u00e3o que oferece um \u00f3timo desempenho, caracter\u00edstico dos viol\u00f5es TAKAMINE.<\/p>\n<p><span class=\"feature-featkey\">Modelo:\u00a0<\/span><span class=\"feature-featval\">EG321C<\/span><\/p>\n<p><span class=\"feature-featkey\">Bra\u00e7o:\u00a0<\/span><span class=\"feature-featval\">Nato;<\/span><\/p>\n<p><span class=\"feature-featkey\">Conserto \/ Troca:\u00a0<\/span><span class=\"feature-featval\">An\u00e1lise<\/span><\/p>\n<p><span class=\"feature-featkey\">Controles:\u00a0<\/span><span class=\"feature-featval\">Grave, M\u00e9dio, Ag\u00fado<\/span><\/p>\n<p><span class=\"feature-featkey\">Cor:\u00a0<\/span><span class=\"feature-featval\">Preto<\/span><\/p>\n<p><span class=\"feature-featkey\">Cordas:\u00a0<\/span><span class=\"feature-featval\">A\u00e7o;<\/span><\/p>\n<p><span class=\"feature-featkey\">Dimens\u00f5es:\u00a0<\/span><span class=\"feature-featval\">0.000 x 0.000 x 0.000<\/span><\/p>\n<p><span class=\"feature-featkey\">Equaliza\u00e7\u00e3o:\u00a0<\/span><span class=\"feature-featval\">Ativa, 3 bandas, Com Afinador Embutido<\/span><\/p>\n<p><span class=\"feature-featkey\">Escala:\u00a0<\/span><span class=\"feature-featval\">Rosewood<\/span><\/p>\n<p><span class=\"feature-featkey\">Faixa e Fundo:\u00a0<\/span><span class=\"feature-featval\">Nato;<\/span><\/p>\n<p><span class=\"feature-featkey\">Marca:\u00a0<\/span><span class=\"feature-featval\">TAKAMINE<\/span><\/p>\n<p><span class=\"feature-featkey\">Tampo:\u00a0<\/span><span class=\"feature-featval\">Spruce Plywood;<\/span><\/p>\n<p><span class=\"feature-featkey\">Tarraxas:\u00a0<\/span><span class=\"feature-featval\">Cromada;<\/span><\/p>\n<p><span class=\"feature-featkey\">Trastes:\u00a0<\/span><span class=\"feature-featval\">Escala em Rosewood;<\/span><\/p>\n","protected":false},"excerpt":{"rendered":"<p>Com Equalizador<\/p>\n<p><img loading=\"lazy\" class=\"alignnone size-full wp-image-211753\" src=\"https:\/\/doremimusical.com.br\/2019\/wp-content\/uploads\/2019\/07\/Untitled-27.png\" alt=\"\" width=\"108\" height=\"41\" \/><\/p>\n","protected":false},"featured_media":211767,"template":"","meta":{"_et_pb_use_builder":"","_et_pb_old_content":"","_et_gb_content_width":""},"product_cat":[79,85,92,86],"product_tag":[],"_links":{"self":[{"href":"https:\/\/doremimusical.com.br\/2019\/wp-json\/wp\/v2\/product\/211762"}],"collection":[{"href":"https:\/\/doremimusical.com.br\/2019\/wp-json\/wp\/v2\/product"}],"about":[{"href":"https:\/\/doremimusical.com.br\/2019\/wp-json\/wp\/v2\/types\/product"}],"wp:featuredmedia":[{"embeddable":true,"href":"https:\/\/doremimusical.com.br\/2019\/wp-json\/wp\/v2\/media\/211767"}],"wp:attachment":[{"href":"https:\/\/doremimusical.com.br\/2019\/wp-json\/wp\/v2\/media?parent=211762"}],"wp:term":[{"taxonomy":"product_cat","embeddable":true,"href":"https:\/\/doremimusical.com.br\/2019\/wp-json\/wp\/v2\/product_cat?post=211762"},{"taxonomy":"product_tag","embeddable":true,"href":"https:\/\/doremimusical.com.br\/2019\/wp-json\/wp\/v2\/product_tag?post=211762"}],"curies":[{"name":"wp","href":"https:\/\/api.w.org\/{rel}","templated":true}]}}