{"id":211754,"date":"2019-07-16T12:31:38","date_gmt":"2019-07-16T12:31:38","guid":{"rendered":"https:\/\/doremimusical.com.br\/2019\/?post_type=product&#038;p=211754"},"modified":"2019-07-16T12:40:52","modified_gmt":"2019-07-16T12:40:52","slug":"violao-takamine-eg523sc-splated-aco","status":"publish","type":"product","link":"https:\/\/doremimusical.com.br\/2019\/produto\/violao-takamine-eg523sc-splated-aco\/","title":{"rendered":"Viol\u00e3o Takamine EG523SC &#8211; Splated A\u00e7o"},"content":{"rendered":"<p>O Viol\u00e3o Takamine EG523-SC Splated \u00e9 um luxo de viol\u00e3o. Este modelo Splated do famoso EG523 tem um visual r\u00fastico, com um Um Maple com a apar\u00eancia de invelhecido deixa este viol\u00e3o \u00fanico e apaixonante.<\/p>\n<p><span class=\"feature-featkey\">Modelo:\u00a0<\/span><span class=\"feature-featval\">EG-523SC<\/span><\/p>\n<p><span class=\"feature-featkey\">Bra\u00e7o:\u00a0<\/span><span class=\"feature-featval\">Maple<\/span><\/p>\n<p><span class=\"feature-featkey\">Controles:\u00a0<\/span><span class=\"feature-featval\">Grave, M\u00e9dio, Ag\u00fado, Mid Control, Filtro de Ru\u00eddo<\/span><\/p>\n<p><span class=\"feature-featkey\">Cor:\u00a0<\/span><span class=\"feature-featval\">Preto<\/span><\/p>\n<p><span class=\"feature-featkey\">Cordas:\u00a0<\/span><span class=\"feature-featval\">6 de A\u00e7o<\/span><\/p>\n<p><span class=\"feature-featkey\">Dimens\u00f5es:\u00a0<\/span><span class=\"feature-featval\">20.000 x 150.000 x 61.000 CM<\/span><\/p>\n<p><span class=\"feature-featkey\">Equaliza\u00e7\u00e3o:\u00a0<\/span><span class=\"feature-featval\">Ativa, 3 bandas, Afinador Crom\u00e1tico Embutido TK-40;<\/span><\/p>\n<p><span class=\"feature-featkey\">Escala:\u00a0<\/span><span class=\"feature-featval\">Rosewood<\/span><\/p>\n<p><span class=\"feature-featkey\">Faixa e Fundo:\u00a0<\/span><span class=\"feature-featval\">Spalted Maple<\/span><\/p>\n<p><span class=\"feature-featkey\">Marca:\u00a0<\/span><span class=\"feature-featval\">TAKAMINE<\/span><\/p>\n<p><span class=\"feature-featkey\">Marca\u00e7\u00e3o:\u00a0<\/span><span class=\"feature-featval\">Abalone Custom Blocks<\/span><\/p>\n<p><span class=\"feature-featkey\">Tampo:\u00a0<\/span><span class=\"feature-featval\">Solid Cedar<\/span><\/p>\n<p><span class=\"feature-featkey\">Tarraxas:\u00a0<\/span><span class=\"feature-featval\">Cromadas<\/span><\/p>\n<p><span class=\"feature-featkey\">Trastes:\u00a0<\/span><span class=\"feature-featval\">20<\/span><\/p>\n","protected":false},"excerpt":{"rendered":"<p>Com Equlizador<\/p>\n<p><img loading=\"lazy\" class=\"alignnone size-full wp-image-211753\" src=\"https:\/\/doremimusical.com.br\/2019\/wp-content\/uploads\/2019\/07\/Untitled-27.png\" alt=\"\" width=\"108\" height=\"41\" \/><\/p>\n<p>&nbsp;<\/p>\n","protected":false},"featured_media":211755,"template":"","meta":{"_et_pb_use_builder":"","_et_pb_old_content":"","_et_gb_content_width":""},"product_cat":[79,85,92,86],"product_tag":[],"_links":{"self":[{"href":"https:\/\/doremimusical.com.br\/2019\/wp-json\/wp\/v2\/product\/211754"}],"collection":[{"href":"https:\/\/doremimusical.com.br\/2019\/wp-json\/wp\/v2\/product"}],"about":[{"href":"https:\/\/doremimusical.com.br\/2019\/wp-json\/wp\/v2\/types\/product"}],"wp:featuredmedia":[{"embeddable":true,"href":"https:\/\/doremimusical.com.br\/2019\/wp-json\/wp\/v2\/media\/211755"}],"wp:attachment":[{"href":"https:\/\/doremimusical.com.br\/2019\/wp-json\/wp\/v2\/media?parent=211754"}],"wp:term":[{"taxonomy":"product_cat","embeddable":true,"href":"https:\/\/doremimusical.com.br\/2019\/wp-json\/wp\/v2\/product_cat?post=211754"},{"taxonomy":"product_tag","embeddable":true,"href":"https:\/\/doremimusical.com.br\/2019\/wp-json\/wp\/v2\/product_tag?post=211754"}],"curies":[{"name":"wp","href":"https:\/\/api.w.org\/{rel}","templated":true}]}}