{"id":211714,"date":"2019-07-08T18:45:07","date_gmt":"2019-07-08T18:45:07","guid":{"rendered":"https:\/\/doremimusical.com.br\/2019\/?post_type=product&#038;p=211714"},"modified":"2019-07-08T18:45:07","modified_gmt":"2019-07-08T18:45:07","slug":"violao-yamaha-a1m-aco","status":"publish","type":"product","link":"https:\/\/doremimusical.com.br\/2019\/produto\/violao-yamaha-a1m-aco\/","title":{"rendered":"Viol\u00e3o Yamaha A1M A\u00e7o"},"content":{"rendered":"<p>Viol\u00e3o eletro-ac\u00fastico, estilo Folk cutway, tampo s\u00f3lido em Sitka Spruce, corpo e bra\u00e7o em Mahogany, escala em Rosewood, ponte em Ebony, equipado com o Pr\u00e9-Amp System 66 Under-Saddle Piezo Pickup com afinador. Hi Gloss Finish.<\/p>\n<p>Top: Solid Sitka Spruce<br \/>\nBack: Mahogany<br \/>\nSide: Mahogany<br \/>\nNeck: Mahogany<br \/>\nFingerboard: Rosewood<br \/>\nBridge Ebony<br \/>\nNut Width: 43mm<br \/>\nString Length: 650mm<br \/>\nTuners Die-Cast: Chrome<br \/>\nPreamp: System 66 Analog<\/p>\n","protected":false},"excerpt":{"rendered":"<p>S\u00e9rie A<\/p>\n<p>Com Equalizador<\/p>\n<p>&nbsp;<\/p>\n","protected":false},"featured_media":211715,"template":"","meta":{"_et_pb_use_builder":"","_et_pb_old_content":"","_et_gb_content_width":""},"product_cat":[79],"product_tag":[],"_links":{"self":[{"href":"https:\/\/doremimusical.com.br\/2019\/wp-json\/wp\/v2\/product\/211714"}],"collection":[{"href":"https:\/\/doremimusical.com.br\/2019\/wp-json\/wp\/v2\/product"}],"about":[{"href":"https:\/\/doremimusical.com.br\/2019\/wp-json\/wp\/v2\/types\/product"}],"wp:featuredmedia":[{"embeddable":true,"href":"https:\/\/doremimusical.com.br\/2019\/wp-json\/wp\/v2\/media\/211715"}],"wp:attachment":[{"href":"https:\/\/doremimusical.com.br\/2019\/wp-json\/wp\/v2\/media?parent=211714"}],"wp:term":[{"taxonomy":"product_cat","embeddable":true,"href":"https:\/\/doremimusical.com.br\/2019\/wp-json\/wp\/v2\/product_cat?post=211714"},{"taxonomy":"product_tag","embeddable":true,"href":"https:\/\/doremimusical.com.br\/2019\/wp-json\/wp\/v2\/product_tag?post=211714"}],"curies":[{"name":"wp","href":"https:\/\/api.w.org\/{rel}","templated":true}]}}