{"id":211441,"date":"2019-05-27T16:17:52","date_gmt":"2019-05-27T16:17:52","guid":{"rendered":"https:\/\/doremimusical.com.br\/2019\/?page_id=211441"},"modified":"2024-08-23T13:18:34","modified_gmt":"2024-08-23T13:18:34","slug":"contato-localizacao","status":"publish","type":"page","link":"https:\/\/doremimusical.com.br\/2019\/contato-localizacao\/","title":{"rendered":"Contato e Localiza\u00e7\u00e3o"},"content":{"rendered":"<p>[et_pb_section fb_built=&#8221;1&#8243; disabled_on=&#8221;on|on|&#8221; _builder_version=&#8221;4.10.7&#8243; background_color=&#8221;#fbb318&#8243; custom_padding=&#8221;0|0px|0|0px|false|false&#8221; top_divider_color=&#8221;#fbb318&#8243; top_divider_flip=&#8221;horizontal|vertical&#8221; top_divider_arrangement=&#8221;above_content&#8221; global_module=&#8221;212755&#8243; saved_tabs=&#8221;all&#8221; global_colors_info=&#8221;{}&#8221;][et_pb_row column_structure=&#8221;1_6,1_6,1_6,1_6,1_6,1_6&#8243; use_custom_gutter=&#8221;on&#8221; gutter_width=&#8221;1&#8243; _builder_version=&#8221;3.25&#8243; width=&#8221;95%&#8221; max_width=&#8221;95%&#8221; module_alignment=&#8221;center&#8221; custom_padding=&#8221;8px|0px|4px|0px|false|false&#8221; use_custom_width=&#8221;on&#8221; width_unit=&#8221;off&#8221; custom_width_percent=&#8221;95%&#8221; collapsed=&#8221;on&#8221; global_colors_info=&#8221;{}&#8221;][et_pb_column type=&#8221;1_6&#8243; _builder_version=&#8221;3.25&#8243; custom_padding=&#8221;|||&#8221; global_colors_info=&#8221;{}&#8221; custom_padding__hover=&#8221;|||&#8221;][et_pb_image src=&#8221;https:\/\/doremimusical.com.br\/2019\/wp-content\/uploads\/2021\/09\/marcas-02.png&#8221; title_text=&#8221;marcas-02&#8243; align_tablet=&#8221;center&#8221; align_phone=&#8221;&#8221; align_last_edited=&#8221;on|desktop&#8221; _builder_version=&#8221;4.10.7&#8243; global_colors_info=&#8221;{}&#8221;][\/et_pb_image][\/et_pb_column][et_pb_column type=&#8221;1_6&#8243; _builder_version=&#8221;3.25&#8243; custom_padding=&#8221;|||&#8221; global_colors_info=&#8221;{}&#8221; custom_padding__hover=&#8221;|||&#8221;][et_pb_image src=&#8221;https:\/\/doremimusical.com.br\/2019\/wp-content\/uploads\/2021\/09\/dfagsdfgscsrthxrfhcsfghcxhv-5.png&#8221; title_text=&#8221;dfagsdfgscsrthxrfhcsfghcxhv-5&#8243; align_tablet=&#8221;center&#8221; align_phone=&#8221;&#8221; align_last_edited=&#8221;on|desktop&#8221; _builder_version=&#8221;4.10.7&#8243; global_colors_info=&#8221;{}&#8221;][\/et_pb_image][\/et_pb_column][et_pb_column type=&#8221;1_6&#8243; _builder_version=&#8221;3.25&#8243; custom_padding=&#8221;|||&#8221; global_colors_info=&#8221;{}&#8221; custom_padding__hover=&#8221;|||&#8221;][et_pb_image src=&#8221;https:\/\/doremimusical.com.br\/2019\/wp-content\/uploads\/2021\/09\/dfagsdfgscsrthxrfhcsfghcxhv-4-1.png&#8221; title_text=&#8221;dfagsdfgscsrthxrfhcsfghcxhv-4-1&#8243; align_tablet=&#8221;center&#8221; align_phone=&#8221;&#8221; align_last_edited=&#8221;on|desktop&#8221; _builder_version=&#8221;4.10.7&#8243; global_colors_info=&#8221;{}&#8221;][\/et_pb_image][\/et_pb_column][et_pb_column type=&#8221;1_6&#8243; _builder_version=&#8221;3.25&#8243; custom_padding=&#8221;|||&#8221; global_colors_info=&#8221;{}&#8221; custom_padding__hover=&#8221;|||&#8221;][et_pb_image src=&#8221;https:\/\/doremimusical.com.br\/2019\/wp-content\/uploads\/2021\/09\/dfagsdfgscsrthxrfhcsfghcxhv-3-1.png&#8221; title_text=&#8221;dfagsdfgscsrthxrfhcsfghcxhv-3-1&#8243; align_tablet=&#8221;center&#8221; align_phone=&#8221;&#8221; align_last_edited=&#8221;on|desktop&#8221; _builder_version=&#8221;4.10.7&#8243; global_colors_info=&#8221;{}&#8221;][\/et_pb_image][\/et_pb_column][et_pb_column type=&#8221;1_6&#8243; _builder_version=&#8221;3.25&#8243; custom_padding=&#8221;|||&#8221; global_colors_info=&#8221;{}&#8221; custom_padding__hover=&#8221;|||&#8221;][et_pb_image src=&#8221;https:\/\/doremimusical.com.br\/2019\/wp-content\/uploads\/2021\/09\/dfagsdfgscsrthxrfhcsfghcxhv-2-1.png&#8221; title_text=&#8221;dfagsdfgscsrthxrfhcsfghcxhv-2-1&#8243; align_tablet=&#8221;center&#8221; align_phone=&#8221;&#8221; align_last_edited=&#8221;on|desktop&#8221; _builder_version=&#8221;4.10.7&#8243; global_colors_info=&#8221;{}&#8221;][\/et_pb_image][\/et_pb_column][et_pb_column type=&#8221;1_6&#8243; _builder_version=&#8221;3.25&#8243; custom_padding=&#8221;|||&#8221; global_colors_info=&#8221;{}&#8221; custom_padding__hover=&#8221;|||&#8221;][et_pb_image src=&#8221;https:\/\/doremimusical.com.br\/2019\/wp-content\/uploads\/2021\/09\/dfagsdfgscsrthxrfhcsfghcxhv-1-1.png&#8221; title_text=&#8221;dfagsdfgscsrthxrfhcsfghcxhv-1-1&#8243; align_tablet=&#8221;center&#8221; align_phone=&#8221;&#8221; align_last_edited=&#8221;on|desktop&#8221; _builder_version=&#8221;4.10.7&#8243; global_colors_info=&#8221;{}&#8221;][\/et_pb_image][\/et_pb_column][\/et_pb_row][\/et_pb_section][et_pb_section fb_built=&#8221;1&#8243; fullwidth=&#8221;on&#8221; disabled_on=&#8221;||on&#8221; _builder_version=&#8221;3.22&#8243; background_color=&#8221;#fbb318&#8243; global_colors_info=&#8221;{}&#8221;][et_pb_fullwidth_slider show_arrows=&#8221;off&#8221; show_pagination=&#8221;off&#8221; admin_label=&#8221;marcas mobile&#8221; _builder_version=&#8221;4.10.7&#8243; max_width=&#8221;80%&#8221; module_alignment=&#8221;center&#8221; custom_padding=&#8221;50px||50px|&#8221; auto=&#8221;on&#8221; auto_speed=&#8221;3500&#8243; auto_ignore_hover=&#8221;on&#8221; global_colors_info=&#8221;{}&#8221;][et_pb_slide use_bg_overlay=&#8221;off&#8221; use_text_overlay=&#8221;off&#8221; _builder_version=&#8221;4.10.7&#8243; background_color=&#8221;rgba(255,255,255,0)&#8221; background_image=&#8221;https:\/\/doremimusical.com.br\/2019\/wp-content\/uploads\/2021\/09\/marcas-02.png&#8221; background_enable_image=&#8221;on&#8221; button_on_hover=&#8221;on&#8221; global_colors_info=&#8221;{}&#8221; sticky_transition=&#8221;on&#8221;][\/et_pb_slide][et_pb_slide use_bg_overlay=&#8221;off&#8221; use_text_overlay=&#8221;off&#8221; _builder_version=&#8221;4.10.7&#8243; background_enable_color=&#8221;off&#8221; background_image=&#8221;https:\/\/doremimusical.com.br\/2019\/wp-content\/uploads\/2021\/09\/dfagsdfgscsrthxrfhcsfghcxhv-5.png&#8221; background_enable_image=&#8221;on&#8221; button_on_hover=&#8221;on&#8221; global_colors_info=&#8221;{}&#8221; sticky_transition=&#8221;on&#8221;][\/et_pb_slide][et_pb_slide use_bg_overlay=&#8221;off&#8221; use_text_overlay=&#8221;off&#8221; _builder_version=&#8221;4.10.7&#8243; background_color=&#8221;rgba(255,255,255,0)&#8221; background_image=&#8221;https:\/\/doremimusical.com.br\/2019\/wp-content\/uploads\/2021\/09\/dfagsdfgscsrthxrfhcsfghcxhv-4-1.png&#8221; background_enable_image=&#8221;on&#8221; button_on_hover=&#8221;on&#8221; global_colors_info=&#8221;{}&#8221; sticky_transition=&#8221;on&#8221;][\/et_pb_slide][et_pb_slide use_bg_overlay=&#8221;off&#8221; use_text_overlay=&#8221;off&#8221; _builder_version=&#8221;4.10.7&#8243; background_color=&#8221;rgba(255,255,255,0)&#8221; background_image=&#8221;https:\/\/doremimusical.com.br\/2019\/wp-content\/uploads\/2021\/09\/dfagsdfgscsrthxrfhcsfghcxhv-3-1.png&#8221; background_enable_image=&#8221;on&#8221; button_on_hover=&#8221;on&#8221; global_colors_info=&#8221;{}&#8221; sticky_transition=&#8221;on&#8221;][\/et_pb_slide][et_pb_slide use_bg_overlay=&#8221;off&#8221; use_text_overlay=&#8221;off&#8221; _builder_version=&#8221;4.10.7&#8243; background_color=&#8221;rgba(255,255,255,0)&#8221; background_image=&#8221;https:\/\/doremimusical.com.br\/2019\/wp-content\/uploads\/2021\/09\/dfagsdfgscsrthxrfhcsfghcxhv-2-1.png&#8221; background_enable_image=&#8221;on&#8221; button_on_hover=&#8221;on&#8221; global_colors_info=&#8221;{}&#8221; sticky_transition=&#8221;on&#8221;][\/et_pb_slide][et_pb_slide use_bg_overlay=&#8221;off&#8221; use_text_overlay=&#8221;off&#8221; _builder_version=&#8221;4.10.7&#8243; background_color=&#8221;rgba(255,255,255,0)&#8221; background_image=&#8221;https:\/\/doremimusical.com.br\/2019\/wp-content\/uploads\/2021\/09\/dfagsdfgscsrthxrfhcsfghcxhv-1-1.png&#8221; background_enable_image=&#8221;on&#8221; button_on_hover=&#8221;on&#8221; global_colors_info=&#8221;{}&#8221; sticky_transition=&#8221;on&#8221;][\/et_pb_slide][\/et_pb_fullwidth_slider][\/et_pb_section][et_pb_section fb_built=&#8221;1&#8243; _builder_version=&#8221;3.22&#8243; background_color=&#8221;#fbb318&#8243; custom_padding=&#8221;0|0px|0|0px|false|false&#8221; top_divider_color=&#8221;#fbb318&#8243; top_divider_flip=&#8221;horizontal|vertical&#8221; top_divider_arrangement=&#8221;above_content&#8221; global_colors_info=&#8221;{}&#8221;][et_pb_row use_custom_gutter=&#8221;on&#8221; gutter_width=&#8221;1&#8243; _builder_version=&#8221;3.25&#8243; width=&#8221;100%&#8221; max_width=&#8221;100%&#8221; module_alignment=&#8221;center&#8221; custom_padding=&#8221;0|0px|0|0px|false|false&#8221; use_custom_width=&#8221;on&#8221; width_unit=&#8221;off&#8221; custom_width_percent=&#8221;100%&#8221; global_colors_info=&#8221;{}&#8221;][et_pb_column type=&#8221;4_4&#8243; _builder_version=&#8221;3.25&#8243; custom_padding=&#8221;|||&#8221; global_colors_info=&#8221;{}&#8221; custom_padding__hover=&#8221;|||&#8221;][et_pb_divider divider_style=&#8221;dashed&#8221; divider_weight=&#8221;6px&#8221; _builder_version=&#8221;3.19.18&#8243; global_colors_info=&#8221;{}&#8221;][\/et_pb_divider][\/et_pb_column][\/et_pb_row][et_pb_row column_structure=&#8221;1_2,1_2&#8243; _builder_version=&#8221;3.25&#8243; animation_style=&#8221;slide&#8221; global_colors_info=&#8221;{}&#8221;][et_pb_column type=&#8221;1_2&#8243; _builder_version=&#8221;3.25&#8243; custom_padding=&#8221;|||&#8221; global_colors_info=&#8221;{}&#8221; custom_padding__hover=&#8221;|||&#8221;][et_pb_contact_form email=&#8221;contato@doremimusical.com.br&#8221; title=&#8221;FALE CONOSCO&#8221; custom_message=&#8221;Nome: %%name%%||et_pb_line_break_holder||Telefone: %%telefone%%||et_pb_line_break_holder||E-mail: %%email%%||et_pb_line_break_holder||Mensagem: %%Message%%&#8221; success_message=&#8221;Mensagem enviada com sucesso!&#8221; _builder_version=&#8221;3.19.18&#8243; title_font=&#8221;News Cycle|700|||||||&#8221; title_text_color=&#8221;#b22026&#8243; custom_button=&#8221;on&#8221; button_text_color=&#8221;#ffffff&#8221; button_bg_color=&#8221;#b22026&#8243; button_border_width=&#8221;0px&#8221; button_border_color=&#8221;rgba(0,0,0,0)&#8221; button_font=&#8221;||||||||&#8221; global_colors_info=&#8221;{}&#8221;][et_pb_contact_field field_id=&#8221;Name&#8221; field_title=&#8221;Nome&#8221; _builder_version=&#8221;3.16&#8243; global_colors_info=&#8221;{}&#8221; button_text_size__hover_enabled=&#8221;off&#8221; button_one_text_size__hover_enabled=&#8221;off&#8221; button_two_text_size__hover_enabled=&#8221;off&#8221; button_text_color__hover_enabled=&#8221;off&#8221; button_one_text_color__hover_enabled=&#8221;off&#8221; button_two_text_color__hover_enabled=&#8221;off&#8221; button_border_width__hover_enabled=&#8221;off&#8221; button_one_border_width__hover_enabled=&#8221;off&#8221; button_two_border_width__hover_enabled=&#8221;off&#8221; button_border_color__hover_enabled=&#8221;off&#8221; button_one_border_color__hover_enabled=&#8221;off&#8221; button_two_border_color__hover_enabled=&#8221;off&#8221; button_border_radius__hover_enabled=&#8221;off&#8221; button_one_border_radius__hover_enabled=&#8221;off&#8221; button_two_border_radius__hover_enabled=&#8221;off&#8221; button_letter_spacing__hover_enabled=&#8221;off&#8221; button_one_letter_spacing__hover_enabled=&#8221;off&#8221; button_two_letter_spacing__hover_enabled=&#8221;off&#8221; button_bg_color__hover_enabled=&#8221;off&#8221; button_one_bg_color__hover_enabled=&#8221;off&#8221; button_two_bg_color__hover_enabled=&#8221;off&#8221;][\/et_pb_contact_field][et_pb_contact_field field_id=&#8221;telefone&#8221; field_title=&#8221;Telefone&#8221; _builder_version=&#8221;3.19.18&#8243; global_colors_info=&#8221;{}&#8221; button_text_size__hover_enabled=&#8221;off&#8221; button_one_text_size__hover_enabled=&#8221;off&#8221; button_two_text_size__hover_enabled=&#8221;off&#8221; button_text_color__hover_enabled=&#8221;off&#8221; button_one_text_color__hover_enabled=&#8221;off&#8221; button_two_text_color__hover_enabled=&#8221;off&#8221; button_border_width__hover_enabled=&#8221;off&#8221; button_one_border_width__hover_enabled=&#8221;off&#8221; button_two_border_width__hover_enabled=&#8221;off&#8221; button_border_color__hover_enabled=&#8221;off&#8221; button_one_border_color__hover_enabled=&#8221;off&#8221; button_two_border_color__hover_enabled=&#8221;off&#8221; button_border_radius__hover_enabled=&#8221;off&#8221; button_one_border_radius__hover_enabled=&#8221;off&#8221; button_two_border_radius__hover_enabled=&#8221;off&#8221; button_letter_spacing__hover_enabled=&#8221;off&#8221; button_one_letter_spacing__hover_enabled=&#8221;off&#8221; button_two_letter_spacing__hover_enabled=&#8221;off&#8221; button_bg_color__hover_enabled=&#8221;off&#8221; button_one_bg_color__hover_enabled=&#8221;off&#8221; button_two_bg_color__hover_enabled=&#8221;off&#8221;][\/et_pb_contact_field][et_pb_contact_field field_id=&#8221;Email&#8221; field_title=&#8221;E-mail&#8221; field_type=&#8221;email&#8221; fullwidth_field=&#8221;on&#8221; _builder_version=&#8221;3.19.18&#8243; global_colors_info=&#8221;{}&#8221; button_text_size__hover_enabled=&#8221;off&#8221; button_one_text_size__hover_enabled=&#8221;off&#8221; button_two_text_size__hover_enabled=&#8221;off&#8221; button_text_color__hover_enabled=&#8221;off&#8221; button_one_text_color__hover_enabled=&#8221;off&#8221; button_two_text_color__hover_enabled=&#8221;off&#8221; button_border_width__hover_enabled=&#8221;off&#8221; button_one_border_width__hover_enabled=&#8221;off&#8221; button_two_border_width__hover_enabled=&#8221;off&#8221; button_border_color__hover_enabled=&#8221;off&#8221; button_one_border_color__hover_enabled=&#8221;off&#8221; button_two_border_color__hover_enabled=&#8221;off&#8221; button_border_radius__hover_enabled=&#8221;off&#8221; button_one_border_radius__hover_enabled=&#8221;off&#8221; button_two_border_radius__hover_enabled=&#8221;off&#8221; button_letter_spacing__hover_enabled=&#8221;off&#8221; button_one_letter_spacing__hover_enabled=&#8221;off&#8221; button_two_letter_spacing__hover_enabled=&#8221;off&#8221; button_bg_color__hover_enabled=&#8221;off&#8221; button_one_bg_color__hover_enabled=&#8221;off&#8221; button_two_bg_color__hover_enabled=&#8221;off&#8221;][\/et_pb_contact_field][et_pb_contact_field field_id=&#8221;Message&#8221; field_title=&#8221;Mensagem&#8221; field_type=&#8221;text&#8221; fullwidth_field=&#8221;on&#8221; _builder_version=&#8221;3.19.18&#8243; global_colors_info=&#8221;{}&#8221; button_text_size__hover_enabled=&#8221;off&#8221; button_one_text_size__hover_enabled=&#8221;off&#8221; button_two_text_size__hover_enabled=&#8221;off&#8221; button_text_color__hover_enabled=&#8221;off&#8221; button_one_text_color__hover_enabled=&#8221;off&#8221; button_two_text_color__hover_enabled=&#8221;off&#8221; button_border_width__hover_enabled=&#8221;off&#8221; button_one_border_width__hover_enabled=&#8221;off&#8221; button_two_border_width__hover_enabled=&#8221;off&#8221; button_border_color__hover_enabled=&#8221;off&#8221; button_one_border_color__hover_enabled=&#8221;off&#8221; button_two_border_color__hover_enabled=&#8221;off&#8221; button_border_radius__hover_enabled=&#8221;off&#8221; button_one_border_radius__hover_enabled=&#8221;off&#8221; button_two_border_radius__hover_enabled=&#8221;off&#8221; button_letter_spacing__hover_enabled=&#8221;off&#8221; button_one_letter_spacing__hover_enabled=&#8221;off&#8221; button_two_letter_spacing__hover_enabled=&#8221;off&#8221; button_bg_color__hover_enabled=&#8221;off&#8221; button_one_bg_color__hover_enabled=&#8221;off&#8221; button_two_bg_color__hover_enabled=&#8221;off&#8221;][\/et_pb_contact_field][\/et_pb_contact_form][\/et_pb_column][et_pb_column type=&#8221;1_2&#8243; _builder_version=&#8221;3.25&#8243; custom_padding=&#8221;|||&#8221; global_colors_info=&#8221;{}&#8221; custom_padding__hover=&#8221;|||&#8221;][et_pb_divider show_divider=&#8221;off&#8221; _builder_version=&#8221;3.19.18&#8243; height=&#8221;56px&#8221; global_colors_info=&#8221;{}&#8221;][\/et_pb_divider][et_pb_blurb title=&#8221;ENDERE\u00c7O&#8221; use_icon=&#8221;on&#8221; font_icon=&#8221;%%122%%&#8221; icon_placement=&#8221;left&#8221; _builder_version=&#8221;3.19.18&#8243; global_colors_info=&#8221;{}&#8221;]<\/p>\n<p>Av. Henrique Gon\u00e7alves Baptista, 190<br \/>\nVila Nova \u2013 Barueri \u2013 SP. (Antiga Av. Capt\u00f3lio)<\/p>\n<p>[\/et_pb_blurb][et_pb_blurb title=&#8221;ATENDIMENTO&#8221; use_icon=&#8221;on&#8221; font_icon=&#8221;%%104%%&#8221; icon_placement=&#8221;left&#8221; _builder_version=&#8221;4.10.7&#8243; hover_enabled=&#8221;0&#8243; global_colors_info=&#8221;{}&#8221; sticky_enabled=&#8221;0&#8243;]<\/p>\n<p>(11) 4552-9022<\/p>\n<p> (11) 98610-7813<\/p>\n<p>[\/et_pb_blurb][et_pb_blurb title=&#8221;E-MAIL&#8221; use_icon=&#8221;on&#8221; font_icon=&#8221;%%104%%&#8221; icon_placement=&#8221;left&#8221; _builder_version=&#8221;3.19.18&#8243; global_colors_info=&#8221;{}&#8221;]<\/p>\n<p>contato@doremimusical.com.br<\/p>\n<p>[\/et_pb_blurb][\/et_pb_column][\/et_pb_row][et_pb_row _builder_version=&#8221;3.25&#8243; background_size=&#8221;initial&#8221; background_position=&#8221;top_left&#8221; background_repeat=&#8221;repeat&#8221; global_colors_info=&#8221;{}&#8221;][et_pb_column type=&#8221;4_4&#8243; _builder_version=&#8221;3.25&#8243; custom_padding=&#8221;|||&#8221; global_colors_info=&#8221;{}&#8221; custom_padding__hover=&#8221;|||&#8221;][et_pb_text _builder_version=&#8221;3.27.4&#8243; text_font=&#8221;News Cycle|700|||||||&#8221; global_colors_info=&#8221;{}&#8221;]<\/p>\n<p>Av. Henrique Gon\u00e7alves Baptista, 190, Barueri, S\u00e3o Paulo<\/p>\n<p>[\/et_pb_text][et_pb_code _builder_version=&#8221;3.19.18&#8243; global_colors_info=&#8221;{}&#8221;]<iframe loading=\"lazy\" src=\"https:\/\/www.google.com\/maps\/embed?pb=!1m14!1m8!1m3!1d7317.24155142991!2d-46.890249!3d-23.510165!3m2!1i1024!2i768!4f13.1!3m3!1m2!1s0x94cf039afb757d01%3A0x2b07d502b9ba65ba!2sAv.+Henriqueta+Mendes+Guerra%2C+1688+-+Vila+Sao+Joao%2C+Barueri+-+SP%2C+06401-160!5e0!3m2!1spt-BR!2sbr!4v1558973919838!5m2!1spt-BR!2sbr\" width=\"100%\" height=\"250\" frameborder=\"0\" style=\"border:0\" allowfullscreen><\/iframe>[\/et_pb_code][\/et_pb_column][\/et_pb_row][\/et_pb_section][et_pb_section fb_built=&#8221;1&#8243; fullwidth=&#8221;on&#8221; _builder_version=&#8221;3.22&#8243; background_color=&#8221;#fbb318&#8243; custom_padding=&#8221;60px|0px|0px|0px|false|false&#8221; bottom_divider_style=&#8221;graph2&#8243; bottom_divider_color=&#8221;#102f4c&#8221; global_colors_info=&#8221;{}&#8221;][\/et_pb_section]<\/p>\n","protected":false},"excerpt":{"rendered":"<p>Av. Henrique Gon\u00e7alves Baptista, 190 Vila Nova \u2013 Barueri \u2013 SP. (Antiga Av. Capt\u00f3lio)(11) 4552-9022 (11) 98610-7813contato@doremimusical.com.brAv. Henrique Gon\u00e7alves Baptista, 190, Barueri, S\u00e3o Paulo<\/p>\n","protected":false},"author":1,"featured_media":0,"parent":0,"menu_order":0,"comment_status":"closed","ping_status":"closed","template":"","meta":{"_et_pb_use_builder":"on","_et_pb_old_content":"","_et_gb_content_width":""},"_links":{"self":[{"href":"https:\/\/doremimusical.com.br\/2019\/wp-json\/wp\/v2\/pages\/211441"}],"collection":[{"href":"https:\/\/doremimusical.com.br\/2019\/wp-json\/wp\/v2\/pages"}],"about":[{"href":"https:\/\/doremimusical.com.br\/2019\/wp-json\/wp\/v2\/types\/page"}],"author":[{"embeddable":true,"href":"https:\/\/doremimusical.com.br\/2019\/wp-json\/wp\/v2\/users\/1"}],"replies":[{"embeddable":true,"href":"https:\/\/doremimusical.com.br\/2019\/wp-json\/wp\/v2\/comments?post=211441"}],"version-history":[{"count":12,"href":"https:\/\/doremimusical.com.br\/2019\/wp-json\/wp\/v2\/pages\/211441\/revisions"}],"predecessor-version":[{"id":217313,"href":"https:\/\/doremimusical.com.br\/2019\/wp-json\/wp\/v2\/pages\/211441\/revisions\/217313"}],"wp:attachment":[{"href":"https:\/\/doremimusical.com.br\/2019\/wp-json\/wp\/v2\/media?parent=211441"}],"curies":[{"name":"wp","href":"https:\/\/api.w.org\/{rel}","templated":true}]}}